{"id":841,"date":"2021-07-15T11:05:17","date_gmt":"2021-07-15T09:05:17","guid":{"rendered":"https:\/\/byviannie.com\/?post_type=product&#038;p=841"},"modified":"2025-05-13T14:34:27","modified_gmt":"2025-05-13T12:34:27","slug":"collier-rome","status":"publish","type":"product","link":"https:\/\/byviannie.com\/?product=collier-rome","title":{"rendered":"Collier Rome cr\u00e9ation artisanale"},"content":{"rendered":"<p><img decoding=\"async\" class=\"emoji\" role=\"img\" draggable=\"false\" src=\"https:\/\/s.w.org\/images\/core\/emoji\/13.0.1\/svg\/25b6.svg\" alt=\"\u25b6\" \/> Livraison: Votre bijou sign\u00e9 By Viannie vous sera livr\u00e9 dans un joli pochon. Votre commande sera ensuite remise \u00e0 la Poste dans une enveloppe \u00e0 bulle et en courrier avec suivi afin d\u2019\u00e9viter toute mauvaise surprise !<\/p>\n<p><img decoding=\"async\" class=\"emoji\" role=\"img\" draggable=\"false\" src=\"https:\/\/s.w.org\/images\/core\/emoji\/13.0.1\/svg\/25b6.svg\" alt=\"\u25b6\" \/>\u00a0Conseils d\u2019entretien: Afin de profiter de votre bijou le plus longtemps possible, je vous conseille d\u2019\u00e9viter de le mettre au contact de l\u2019eau, des parfums et autres cr\u00e8mes au risque de l\u2019ab\u00eemer. N\u2019h\u00e9sitez pas \u00e0 enlever votre bijou avant de vous laver les mains, de faire du sport ainsi que pour dormir. Vous pouvez \u00e9galement le conserver dans son pochon afin d\u2019\u00e9viter tout risque d\u2019oxydation<\/p>\n<p>Toutes mes cr\u00e9ations sont faites de mani\u00e8re artisanale. Il est donc possible que de tous petits d\u00e9fauts esth\u00e9tiques soient visibles. Ceci \u00e9tant dit, je fais tout mon possible pour vous pr\u00e9senter des pi\u00e8ces de qualit\u00e9. Si vous souhaitez personnaliser une cr\u00e9ation en particulier, n\u2019h\u00e9sitez pas \u00e0 me contacter.<\/p>\n","protected":false},"excerpt":{"rendered":"<p>Collier Rome cr\u00e9ation artisanale:<br \/>\n<em><strong>Composition:<\/strong><\/em><br \/>\nChaine Rosaire de pierres fines de calc\u00e9doine facett\u00e9es de 2mm-3mm mont\u00e9es sur du fil de fer plaqu\u00e9 or 24K<\/p>\n<p>Pendentif branche de corail brute de 6mm*8mm et de grade AAA<\/p>\n<p>Fermoir ressort en laiton dor\u00e9 24K<\/p>\n<p>B\u00e9li\u00e8re en or rempli (gold filled) 14K<\/p>\n<p>Pendentif connecteur en \u00e9tain dor\u00e9 repr\u00e9sentant une main tenant un anneau de 25mm*11mm (sans nickel et sans plomb)<\/p>\n<p><img decoding=\"async\" class=\"emoji\" role=\"img\" draggable=\"false\" src=\"https:\/\/s.w.org\/images\/core\/emoji\/13.0.1\/svg\/25b6.svg\" alt=\"\u25b6\" \/> Caract\u00e9ristiques: Longueur du collier : 50cm non r\u00e9glable<\/p>\n","protected":false},"featured_media":846,"comment_status":"open","ping_status":"closed","template":"","meta":{"_monsterinsights_skip_tracking":false,"_monsterinsights_sitenote_active":false,"_monsterinsights_sitenote_note":"","_monsterinsights_sitenote_category":0},"product_brand":[],"product_cat":[41],"product_tag":[],"class_list":{"0":"post-841","1":"product","2":"type-product","3":"status-publish","4":"has-post-thumbnail","6":"product_cat-bijoux-femme-colliers","8":"first","9":"outofstock","10":"sold-individually","11":"shipping-taxable","12":"purchasable","13":"product-type-simple"},"aioseo_notices":[],"_links":{"self":[{"href":"https:\/\/byviannie.com\/index.php?rest_route=\/wp\/v2\/product\/841","targetHints":{"allow":["GET"]}}],"collection":[{"href":"https:\/\/byviannie.com\/index.php?rest_route=\/wp\/v2\/product"}],"about":[{"href":"https:\/\/byviannie.com\/index.php?rest_route=\/wp\/v2\/types\/product"}],"replies":[{"embeddable":true,"href":"https:\/\/byviannie.com\/index.php?rest_route=%2Fwp%2Fv2%2Fcomments&post=841"}],"wp:featuredmedia":[{"embeddable":true,"href":"https:\/\/byviannie.com\/index.php?rest_route=\/wp\/v2\/media\/846"}],"wp:attachment":[{"href":"https:\/\/byviannie.com\/index.php?rest_route=%2Fwp%2Fv2%2Fmedia&parent=841"}],"wp:term":[{"taxonomy":"product_brand","embeddable":true,"href":"https:\/\/byviannie.com\/index.php?rest_route=%2Fwp%2Fv2%2Fproduct_brand&post=841"},{"taxonomy":"product_cat","embeddable":true,"href":"https:\/\/byviannie.com\/index.php?rest_route=%2Fwp%2Fv2%2Fproduct_cat&post=841"},{"taxonomy":"product_tag","embeddable":true,"href":"https:\/\/byviannie.com\/index.php?rest_route=%2Fwp%2Fv2%2Fproduct_tag&post=841"}],"curies":[{"name":"wp","href":"https:\/\/api.w.org\/{rel}","templated":true}]}}