{"id":740,"date":"2021-07-02T13:35:24","date_gmt":"2021-07-02T11:35:24","guid":{"rendered":"https:\/\/byviannie.com\/?post_type=product&#038;p=740"},"modified":"2023-02-19T10:27:44","modified_gmt":"2023-02-19T09:27:44","slug":"boucles-doreilles-calgary","status":"publish","type":"product","link":"https:\/\/byviannie.com\/?product=boucles-doreilles-calgary","title":{"rendered":"Boucles d&rsquo;oreilles Calgary cr\u00e9ation artisanale"},"content":{"rendered":"<p>\u25b6 Livraison: Votre bijou sign\u00e9 By Viannie vous sera livr\u00e9 dans un joli pochon. Votre commande sera ensuite remise \u00e0 la Poste dans une enveloppe \u00e0 bulle et en courrier avec suivi afin d\u2019\u00e9viter toute mauvaise surprise !<\/p>\n<p>\u25b6 Conseils d\u2019entretien: Afin de profiter de votre bijou le plus longtemps possible, je vous conseille d\u2019\u00e9viter de le mettre au contact de l\u2019eau, des parfums et autres cr\u00e8mes au risque de l\u2019ab\u00eemer. N\u2019h\u00e9sitez pas \u00e0 enlever votre bijou avant de vous laver les mains, de faire du sport ainsi que pour dormir. Vous pouvez \u00e9galement le conserver dans son pochon afin d\u2019\u00e9viter tout risque d\u2019oxydation.<\/p>\n","protected":false},"excerpt":{"rendered":"<p>Boucles d&rsquo;oreilles Calgary cr\u00e9ation artisanale:<br \/>\n<em><strong>Composition<\/strong><\/em>:<br \/>\nPerle d&rsquo;eau douce de grade AA de 14mm*15mm<br \/>\nPerle de quartz claire facett\u00e9e 10mm<br \/>\nPerle de r\u00e9sine rose framboise avec quelques morceaux de nacre et ormeaux dans les perles 22mm*8mm<br \/>\nSupport clou en gold filled 18K(or rempli ) de 14mm*4mm et poussoir en placstique et dor\u00e9<\/p>\n","protected":false},"featured_media":746,"comment_status":"open","ping_status":"closed","template":"","meta":{"_monsterinsights_skip_tracking":false,"_monsterinsights_sitenote_active":false,"_monsterinsights_sitenote_note":"","_monsterinsights_sitenote_category":0},"product_brand":[],"product_cat":[44],"product_tag":[],"class_list":{"0":"post-740","1":"product","2":"type-product","3":"status-publish","4":"has-post-thumbnail","6":"product_cat-bijoux-femmes-boucles-doreilles","8":"first","9":"outofstock","10":"shipping-taxable","11":"purchasable","12":"product-type-simple"},"aioseo_notices":[],"_links":{"self":[{"href":"https:\/\/byviannie.com\/index.php?rest_route=\/wp\/v2\/product\/740","targetHints":{"allow":["GET"]}}],"collection":[{"href":"https:\/\/byviannie.com\/index.php?rest_route=\/wp\/v2\/product"}],"about":[{"href":"https:\/\/byviannie.com\/index.php?rest_route=\/wp\/v2\/types\/product"}],"replies":[{"embeddable":true,"href":"https:\/\/byviannie.com\/index.php?rest_route=%2Fwp%2Fv2%2Fcomments&post=740"}],"wp:featuredmedia":[{"embeddable":true,"href":"https:\/\/byviannie.com\/index.php?rest_route=\/wp\/v2\/media\/746"}],"wp:attachment":[{"href":"https:\/\/byviannie.com\/index.php?rest_route=%2Fwp%2Fv2%2Fmedia&parent=740"}],"wp:term":[{"taxonomy":"product_brand","embeddable":true,"href":"https:\/\/byviannie.com\/index.php?rest_route=%2Fwp%2Fv2%2Fproduct_brand&post=740"},{"taxonomy":"product_cat","embeddable":true,"href":"https:\/\/byviannie.com\/index.php?rest_route=%2Fwp%2Fv2%2Fproduct_cat&post=740"},{"taxonomy":"product_tag","embeddable":true,"href":"https:\/\/byviannie.com\/index.php?rest_route=%2Fwp%2Fv2%2Fproduct_tag&post=740"}],"curies":[{"name":"wp","href":"https:\/\/api.w.org\/{rel}","templated":true}]}}