{"id":685,"date":"2021-06-17T14:56:12","date_gmt":"2021-06-17T12:56:12","guid":{"rendered":"https:\/\/byviannie.com\/?post_type=product&#038;p=685"},"modified":"2025-05-13T14:34:30","modified_gmt":"2025-05-13T12:34:30","slug":"collier-camille-2","status":"publish","type":"product","link":"https:\/\/byviannie.com\/?product=collier-camille-2","title":{"rendered":"Collier Camille &#8211; bijou &#8211; cr\u00e9ation artisanale"},"content":{"rendered":"<p><img decoding=\"async\" class=\"emoji\" role=\"img\" draggable=\"false\" src=\"https:\/\/s.w.org\/images\/core\/emoji\/13.0.1\/svg\/25b6.svg\" alt=\"\u25b6\" \/>\u00a0 Livraison: Votre bijou sign\u00e9 By Viannie vous sera livr\u00e9 dans un joli pochon. Votre commande sera ensuite remise \u00e0 la Poste dans une enveloppe \u00e0 bulle et en courrier avec suivi afin d\u2019\u00e9viter toute mauvaise surprise !<br \/>\n<img decoding=\"async\" class=\"emoji\" role=\"img\" draggable=\"false\" src=\"https:\/\/s.w.org\/images\/core\/emoji\/13.0.1\/svg\/25b6.svg\" alt=\"\u25b6\" \/>\u00a0 Conseils d\u2019entretien: Afin de profiter de votre bijou le plus longtemps possible, je vous conseille d\u2019\u00e9viter de le mettre au contact de l\u2019eau, des parfums et autres cr\u00e8mes au risque de l\u2019ab\u00eemer. N\u2019h\u00e9sitez pas \u00e0 enlever votre bijou avant de vous laver les mains, de faire du sport ainsi que pour dormir. Vous pouvez \u00e9galement le conserver dans son pochon afin d\u2019\u00e9viter tout risque d\u2019oxydation.<\/p>\n<p><img decoding=\"async\" class=\"emoji\" role=\"img\" draggable=\"false\" src=\"https:\/\/s.w.org\/images\/core\/emoji\/13.0.1\/svg\/25b6.svg\" alt=\"\u25b6\" \/>\u00a0Toutes mes cr\u00e9ations sont faites de mani\u00e8re artisanale. Il est donc possible que de tous petits d\u00e9fauts esth\u00e9tiques soient visibles. Ceci \u00e9tant dit, je fais tout mon possible pour vous pr\u00e9senter des pi\u00e8ces de qualit\u00e9. Si vous souhaitez personnaliser une cr\u00e9ation en particulier, n\u2019h\u00e9sitez pas \u00e0 me contacter.<\/p>\n","protected":false},"excerpt":{"rendered":"<p>Collier Camille cr\u00e9ation artisanale:<br \/>\n<em><strong>Composition:<\/strong><\/em><br \/>\nPerles d\u2019eau douce de taille 5mm*5.5mm<br \/>\nPerles de rocaille<br \/>\nFermoir ressort en plaqu\u00e9 or 18k<br \/>\nCha\u00eene d&rsquo;extension vermeil en argent plaqu\u00e9 or 24K, 1 micron, longueur de la cha\u00eene 3.8cm<br \/>\n\u25b6 Caract\u00e9ristiques: Longueur du collier :\u00a0 (diff\u00e9rentes longueurs ajustables)<\/p>\n","protected":false},"featured_media":932,"comment_status":"open","ping_status":"closed","template":"","meta":{"_monsterinsights_skip_tracking":false,"_monsterinsights_sitenote_active":false,"_monsterinsights_sitenote_note":"","_monsterinsights_sitenote_category":0},"product_brand":[],"product_cat":[41],"product_tag":[],"class_list":{"0":"post-685","1":"product","2":"type-product","3":"status-publish","4":"has-post-thumbnail","6":"product_cat-bijoux-femme-colliers","8":"first","9":"outofstock","10":"sold-individually","11":"shipping-taxable","12":"purchasable","13":"product-type-variable"},"aioseo_notices":[],"_links":{"self":[{"href":"https:\/\/byviannie.com\/index.php?rest_route=\/wp\/v2\/product\/685","targetHints":{"allow":["GET"]}}],"collection":[{"href":"https:\/\/byviannie.com\/index.php?rest_route=\/wp\/v2\/product"}],"about":[{"href":"https:\/\/byviannie.com\/index.php?rest_route=\/wp\/v2\/types\/product"}],"replies":[{"embeddable":true,"href":"https:\/\/byviannie.com\/index.php?rest_route=%2Fwp%2Fv2%2Fcomments&post=685"}],"wp:featuredmedia":[{"embeddable":true,"href":"https:\/\/byviannie.com\/index.php?rest_route=\/wp\/v2\/media\/932"}],"wp:attachment":[{"href":"https:\/\/byviannie.com\/index.php?rest_route=%2Fwp%2Fv2%2Fmedia&parent=685"}],"wp:term":[{"taxonomy":"product_brand","embeddable":true,"href":"https:\/\/byviannie.com\/index.php?rest_route=%2Fwp%2Fv2%2Fproduct_brand&post=685"},{"taxonomy":"product_cat","embeddable":true,"href":"https:\/\/byviannie.com\/index.php?rest_route=%2Fwp%2Fv2%2Fproduct_cat&post=685"},{"taxonomy":"product_tag","embeddable":true,"href":"https:\/\/byviannie.com\/index.php?rest_route=%2Fwp%2Fv2%2Fproduct_tag&post=685"}],"curies":[{"name":"wp","href":"https:\/\/api.w.org\/{rel}","templated":true}]}}