{"id":394,"date":"2021-04-26T11:46:43","date_gmt":"2021-04-26T09:46:43","guid":{"rendered":"https:\/\/byviannie.com\/?post_type=product&#038;p=394"},"modified":"2023-02-19T11:44:54","modified_gmt":"2023-02-19T10:44:54","slug":"collier-abby","status":"publish","type":"product","link":"https:\/\/byviannie.com\/?product=collier-abby","title":{"rendered":"Collier Abby &#8211; bijou &#8211; cr\u00e9ation artisanale"},"content":{"rendered":"<div dir=\"auto\">\n<div dir=\"auto\">\n<div dir=\"auto\">\n<div dir=\"auto\">\n<div dir=\"auto\">\n<div dir=\"auto\">\n<div dir=\"auto\">\n<div dir=\"auto\">\n<div dir=\"auto\">\n<div dir=\"auto\">\n<div dir=\"auto\">\n<div dir=\"auto\">\n<div dir=\"auto\">\n<div dir=\"auto\">\n<div dir=\"auto\">\n<div dir=\"auto\">\n<div dir=\"auto\">\n<div dir=\"auto\">\n<div dir=\"auto\">\n<div dir=\"auto\">\n<div dir=\"auto\">\n<div dir=\"auto\">\n<div dir=\"auto\">\n<div dir=\"auto\">\n<div dir=\"auto\">\n<div dir=\"auto\">\n<div dir=\"auto\">\n<div dir=\"auto\">\n<div dir=\"auto\">\n<div dir=\"auto\">\n<div dir=\"auto\">\n<div dir=\"auto\">\n<div dir=\"auto\">\n<div dir=\"auto\">\n<div dir=\"auto\">\n<div dir=\"auto\">\u25b6 Livraison: Votre bijou sign\u00e9 By Viannie vous sera livr\u00e9 dans un joli pochon. Votre commande sera ensuite remise \u00e0 la Poste dans une enveloppe \u00e0 bulle et en courrier avec suivi afin d\u2019\u00e9viter toute mauvaise surprise !<\/div>\n<\/div>\n<\/div>\n<\/div>\n<\/div>\n<\/div>\n<\/div>\n<\/div>\n<\/div>\n<\/div>\n<\/div>\n<\/div>\n<\/div>\n<\/div>\n<\/div>\n<\/div>\n<\/div>\n<\/div>\n<p>\u25b6 Conseils d&rsquo;entretien: Afin de profiter de votre bijou le plus longtemps possible, je vous conseille d&rsquo;\u00e9viter de le mettre au contact de l&rsquo;eau, des parfums et autres cr\u00e8mes au risque de l&rsquo;ab\u00eemer. N&rsquo;h\u00e9sitez pas \u00e0 enlever votre bijou avant de vous laver les mains, de faire du sport ainsi que pour dormir. Vous pouvez \u00e9galement le conserver dans son pochon afin d&rsquo;\u00e9viter tout risque d&rsquo;oxydation.<\/p>\n<p>Toutes mes cr\u00e9ations sont faites de mani\u00e8re artisanale. Il est donc possible que de tous petits d\u00e9fauts esth\u00e9tiques soient visibles. Ceci \u00e9tant dit, je fais tout mon possible pour vous pr\u00e9senter des pi\u00e8ces de qualit\u00e9. Si vous souhaitez personnaliser une cr\u00e9ation en particulier, n\u2019h\u00e9sitez pas \u00e0 me contacter.<\/p>\n<\/div>\n<\/div>\n<\/div>\n<\/div>\n<\/div>\n<\/div>\n<\/div>\n<\/div>\n<\/div>\n<\/div>\n<\/div>\n<div dir=\"auto\"><\/div>\n<\/div>\n<\/div>\n<\/div>\n<\/div>\n<\/div>\n<\/div>\n<\/div>\n","protected":false},"excerpt":{"rendered":"<div dir=\"auto\">\n<div dir=\"auto\">Collier Abby cr\u00e9ation artisanale<\/div>\n<div dir=\"auto\"><em><strong>Composition:<\/strong><\/em><\/div>\n<div dir=\"auto\">-Coquille est en perle ronde et plate en jade naturel blanc opale, les yeux sont fait de 2 zircons transparents<\/div>\n<div dir=\"auto\">-Le corps de l&rsquo;escargot est en argent plaqu\u00e9 or 18K mate<\/div>\n<div dir=\"auto\">-longueur de la cha\u00eene : 45.8cm (54cm avec l&rsquo;extension)<\/div>\n<div dir=\"auto\">-M\u00e9tal Sans Nickel, sans Plomb et sans Cadmium<\/div>\n<div dir=\"auto\">Envoi soign\u00e9 avec suivi.<\/div>\n<div dir=\"auto\">Vous souhaitez faire un cadeau? dites-le nous<\/div>\n<\/div>\n","protected":false},"featured_media":396,"comment_status":"open","ping_status":"closed","template":"","meta":{"_monsterinsights_skip_tracking":false,"_monsterinsights_sitenote_active":false,"_monsterinsights_sitenote_note":"","_monsterinsights_sitenote_category":0},"product_brand":[],"product_cat":[41],"product_tag":[],"class_list":{"0":"post-394","1":"product","2":"type-product","3":"status-publish","4":"has-post-thumbnail","6":"product_cat-bijoux-femme-colliers","8":"first","9":"outofstock","10":"shipping-taxable","11":"purchasable","12":"product-type-simple"},"aioseo_notices":[],"_links":{"self":[{"href":"https:\/\/byviannie.com\/index.php?rest_route=\/wp\/v2\/product\/394","targetHints":{"allow":["GET"]}}],"collection":[{"href":"https:\/\/byviannie.com\/index.php?rest_route=\/wp\/v2\/product"}],"about":[{"href":"https:\/\/byviannie.com\/index.php?rest_route=\/wp\/v2\/types\/product"}],"replies":[{"embeddable":true,"href":"https:\/\/byviannie.com\/index.php?rest_route=%2Fwp%2Fv2%2Fcomments&post=394"}],"wp:featuredmedia":[{"embeddable":true,"href":"https:\/\/byviannie.com\/index.php?rest_route=\/wp\/v2\/media\/396"}],"wp:attachment":[{"href":"https:\/\/byviannie.com\/index.php?rest_route=%2Fwp%2Fv2%2Fmedia&parent=394"}],"wp:term":[{"taxonomy":"product_brand","embeddable":true,"href":"https:\/\/byviannie.com\/index.php?rest_route=%2Fwp%2Fv2%2Fproduct_brand&post=394"},{"taxonomy":"product_cat","embeddable":true,"href":"https:\/\/byviannie.com\/index.php?rest_route=%2Fwp%2Fv2%2Fproduct_cat&post=394"},{"taxonomy":"product_tag","embeddable":true,"href":"https:\/\/byviannie.com\/index.php?rest_route=%2Fwp%2Fv2%2Fproduct_tag&post=394"}],"curies":[{"name":"wp","href":"https:\/\/api.w.org\/{rel}","templated":true}]}}