{"id":3033,"date":"2023-07-25T16:00:53","date_gmt":"2023-07-25T14:00:53","guid":{"rendered":"https:\/\/byviannie.com\/?post_type=product&#038;p=3033"},"modified":"2025-05-13T14:19:23","modified_gmt":"2025-05-13T12:19:23","slug":"boucles-doreilles-pendantes-perles-heishi-coquillage","status":"publish","type":"product","link":"https:\/\/byviannie.com\/?product=boucles-doreilles-pendantes-perles-heishi-coquillage","title":{"rendered":"Boucles d&rsquo;oreilles pendantes perles heishi coquillage"},"content":{"rendered":"<p>\u25b6Tous les bijoux r\u00e9pertori\u00e9s dans la boutique sont pr\u00eats \u00e0 \u00eatre exp\u00e9di\u00e9s. Votre commande vous sera envoy\u00e9e dans un joli pochon, puis dans une bo\u00eete, afin que cette derni\u00e8re ne s&rsquo;ab\u00eeme lors du transport. Afin d&rsquo;\u00e9viter tout probl\u00e8me d&rsquo;exp\u00e9dition \u00e0 l&rsquo;international, tous les envois se font avec un suivi<\/p>\n<p>\u25b6Entretien: \u00c9vitez tout contact avec des liquides tels que des parfums, des lotions ou des agents de nettoyage chimiques.<br \/>\nLes produits sont test\u00e9s de mani\u00e8re approfondie (3mois) avant d&rsquo;\u00eatre vendus pour la premi\u00e8re fois, port\u00e9s sous la douche et pendant le sport pour s&rsquo;assurer qu&rsquo;aucune d\u00e9coloration disgracieuse ne se produit.<\/p>\n<p>Pour une durabilit\u00e9 maximale, vous ne devez pas porter les bijoux lorsque vous faites du sport ou que vous nagez, car la sueur, le chlore et l&rsquo;eau sal\u00e9e peuvent avoir un effet agressif sur les m\u00e9taux.<\/p>\n<p>De plus, les bijoux doivent \u00eatre s\u00e9par\u00e9s des autres bijoux, afin d&rsquo;\u00e9viter l&rsquo;oxydation, les r\u00e9actions avec les autres<br \/>\n\u00c9vitez les m\u00e9taux et les rayures, les ranger dans leurs pochons<\/p>\n<p>\u25b6 Toutes mes cr\u00e9ations sont faites de mani\u00e8re artisanale par moi-m\u00eame . Il est donc possible que de tous petits d\u00e9fauts esth\u00e9tiques soient visibles. Ceci \u00e9tant dit, je fais tout mon possible pour vous pr\u00e9senter des pi\u00e8ces de qualit\u00e9. Si vous souhaitez personnaliser une cr\u00e9ation en particulier, n\u2019h\u00e9sitez pas \u00e0 me contacter.<\/p>\n<p>\u26a0\ufe0fVeuillez noter que les photos sont agrandies pour montrer la qualit\u00e9 et les d\u00e9tails, alors v\u00e9rifiez soigneusement la description et les dimensions avant de commander.<\/p>\n<p>\u26a0\ufe0fTaxes de douane et d&rsquo;import<br \/>\nLes \u00e9ventuelles taxes de douane et d&rsquo;importation sont \u00e0 la charge des acheteurs. Je ne suis pas responsable des d\u00e9lais caus\u00e9s par la douane.<\/p>\n<p>\u26a0\ufe0fhttps:\/\/service.post.ch\/vsc\/ui\/shipping-type<\/p>\n","protected":false},"excerpt":{"rendered":"<p>Perles heishi 100% naturelles<br \/>\nPerles coquillage de 4mm*2mm<br \/>\nPerle de nacre 100% naturelle de 5mm*6mm<br \/>\nAnneau en acier inoxydable 316L de 17*14mm plaqu\u00e9 or 18K<br \/>\nPerles naturelles en h\u00e9matite plaqu\u00e9 or 14k de 4mm<br \/>\nChaine acier 316L<\/p>\n<p>\u2728Taille de la cr\u00e9ole\u2728<br \/>\n17mm * 14mm<\/p>\n<p>\u2728Type de fermeture de la cr\u00e9ole\u2728<br \/>\nclip<\/p>\n<p>\u2728Couleur\u2728<br \/>\nblanc<\/p>\n<p>\u2728Longueur de la boucle d&rsquo;oreille\u2728<br \/>\n6.85 cm environ 7cm<\/p>\n","protected":false},"featured_media":3039,"comment_status":"open","ping_status":"closed","template":"","meta":{"_monsterinsights_skip_tracking":false,"_monsterinsights_sitenote_active":false,"_monsterinsights_sitenote_note":"","_monsterinsights_sitenote_category":0},"product_brand":[],"product_cat":[175,44,46],"product_tag":[],"class_list":{"0":"post-3033","1":"product","2":"type-product","3":"status-publish","4":"has-post-thumbnail","6":"product_cat-bijoux-et-accessoires","7":"product_cat-bijoux-femmes-boucles-doreilles","8":"product_cat-bijoux-femmes","10":"first","11":"outofstock","12":"sold-individually","13":"shipping-taxable","14":"purchasable","15":"product-type-simple"},"aioseo_notices":[],"_links":{"self":[{"href":"https:\/\/byviannie.com\/index.php?rest_route=\/wp\/v2\/product\/3033","targetHints":{"allow":["GET"]}}],"collection":[{"href":"https:\/\/byviannie.com\/index.php?rest_route=\/wp\/v2\/product"}],"about":[{"href":"https:\/\/byviannie.com\/index.php?rest_route=\/wp\/v2\/types\/product"}],"replies":[{"embeddable":true,"href":"https:\/\/byviannie.com\/index.php?rest_route=%2Fwp%2Fv2%2Fcomments&post=3033"}],"wp:featuredmedia":[{"embeddable":true,"href":"https:\/\/byviannie.com\/index.php?rest_route=\/wp\/v2\/media\/3039"}],"wp:attachment":[{"href":"https:\/\/byviannie.com\/index.php?rest_route=%2Fwp%2Fv2%2Fmedia&parent=3033"}],"wp:term":[{"taxonomy":"product_brand","embeddable":true,"href":"https:\/\/byviannie.com\/index.php?rest_route=%2Fwp%2Fv2%2Fproduct_brand&post=3033"},{"taxonomy":"product_cat","embeddable":true,"href":"https:\/\/byviannie.com\/index.php?rest_route=%2Fwp%2Fv2%2Fproduct_cat&post=3033"},{"taxonomy":"product_tag","embeddable":true,"href":"https:\/\/byviannie.com\/index.php?rest_route=%2Fwp%2Fv2%2Fproduct_tag&post=3033"}],"curies":[{"name":"wp","href":"https:\/\/api.w.org\/{rel}","templated":true}]}}