{"id":2864,"date":"2023-02-27T10:54:00","date_gmt":"2023-02-27T09:54:00","guid":{"rendered":"https:\/\/byviannie.com\/?post_type=product&#038;p=2864"},"modified":"2025-05-13T17:21:09","modified_gmt":"2025-05-13T15:21:09","slug":"grands-plateau-jesmonite-partiellement-marbres","status":"publish","type":"product","link":"https:\/\/byviannie.com\/?product=grands-plateau-jesmonite-partiellement-marbres","title":{"rendered":"Grands plateaux jesmonite partiellement marbr\u00e9s"},"content":{"rendered":"<p>Tous les articles en jesmonite AC100 sont faits \u00e0 la main et peuvent donc contenir des bulles d\u2019air et de petites imperfections. Cependant, cela n\u2019affectera pas l\u2019utilisation originelle du produit.<\/p>\n<p>Chaque article aura des caract\u00e9ristiques l\u00e9g\u00e8rement diff\u00e9rentes, une variation de couleur et de motif qui rend chaque article 100% unique.<\/p>\n<p>Chaque plateau est livr\u00e9 avec une base en li\u00e8ge, prot\u00e9geant ainsi toutes vos surfaces.<\/p>\n<p>Afin d&rsquo;assurer l&rsquo;\u00e9tanch\u00e9it\u00e9 des articles, chaque pi\u00e8ce a \u00e9t\u00e9 scell\u00e9e avec un scellant brillant de haute qualit\u00e9 d&rsquo;o\u00f9 l&rsquo;effet lustr\u00e9 (colorfresh intensiv), cette action permet ainsi d&rsquo;\u00e9viter toutes t\u00e2ches ind\u00e9sirables<\/p>\n<p>La jesmonite est une r\u00e9sine acrylique non-toxique elle se pr\u00e9sente en deux parties, un liquide et une poudre, qui se combinent afin de cr\u00e9er un large choix d&rsquo;objets de d\u00e9coration, de textures et de finitions.<\/p>\n<p>La jesmonite est un mat\u00e9riau sans solvant et respectueuse de l\u2019environnement. Elle n\u2019est donc pas dangereuse pour la sant\u00e9. Elle est \u00e9galement r\u00e9sistante \u00e0 l&rsquo;eau et \u00e0 la chaleur.<\/p>\n<p>Vous souhaitez personnaliser votre plateau? n&rsquo;h\u00e9sitez pas \u00e0 me contacter<\/p>\n<p>\u2728Envoi soign\u00e9 et avec suivi pour les envois internationaux<\/p>\n<p>\u2728Suivant votre ordinateur, il peut y avoir des diff\u00e9rences de couleurs avec la photo.<\/p>\n<p>\u26a0\ufe0fVeuillez noter que certaines photos sont agrandies pour montrer la qualit\u00e9 et les d\u00e9tails, alors v\u00e9rifiez soigneusement la description et les dimensions avant de commander.<\/p>\n<p>\u26a0\ufe0fTaxes de douane et d&rsquo;import<br \/>\nLes \u00e9ventuelles taxes de douane et d&rsquo;importation sont \u00e0 la charge des acheteurs. Je ne suis pas responsable des d\u00e9lais caus\u00e9s par la douane.<\/p>\n<p>? D\u00c9LAI DE LIVRAISON<br \/>\nLa livraison prend 1 \u00e0 3 jours pour la Suisse, 5 \u00e0 10 jours pour l\u2019Europe, et 15 \u00e0 30 jours pour le reste du monde.<\/p>\n<p>? ID\u00c9E CADEAU<br \/>\nVous souhaitez offrir ? N&rsquo;h\u00e9sitez pas \u00e0 me le dire, je me ferai un plaisir d&rsquo;ajouter une petite carte.<\/p>\n","protected":false},"excerpt":{"rendered":"<p>Ces plateaux polyvalents sont parfaits pour de nombreuses utilisations, telles que l\u2019affichage de bijoux, de bougies, de parfums, de produits de beaut\u00e9, t\u00e9l\u00e9commandes et bien plus encore!<\/p>\n<p>C&rsquo;est le cadeau id\u00e9al, pour la f\u00eate des m\u00e8res, des grands-m\u00e8res, un anniversaire, bapt\u00eame, d\u00e9coration pour P\u00e2ques<\/p>\n<p>composition:<br \/>\njesmonite<br \/>\npigment<br \/>\npoids approximatif par plateau :398g<br \/>\ntaille: 24cm de longueur *11.9cm de largeur*2.1cm de hauteur<\/p>\n","protected":false},"featured_media":2873,"comment_status":"open","ping_status":"closed","template":"","meta":{"_monsterinsights_skip_tracking":false,"_monsterinsights_sitenote_active":false,"_monsterinsights_sitenote_note":"","_monsterinsights_sitenote_category":0},"product_brand":[],"product_cat":[176,50],"product_tag":[],"class_list":{"0":"post-2864","1":"product","2":"type-product","3":"status-publish","4":"has-post-thumbnail","6":"product_cat-maison-et-deco","7":"product_cat-nouveautes","9":"first","10":"outofstock","11":"shipping-taxable","12":"purchasable","13":"product-type-variable"},"aioseo_notices":[],"_links":{"self":[{"href":"https:\/\/byviannie.com\/index.php?rest_route=\/wp\/v2\/product\/2864","targetHints":{"allow":["GET"]}}],"collection":[{"href":"https:\/\/byviannie.com\/index.php?rest_route=\/wp\/v2\/product"}],"about":[{"href":"https:\/\/byviannie.com\/index.php?rest_route=\/wp\/v2\/types\/product"}],"replies":[{"embeddable":true,"href":"https:\/\/byviannie.com\/index.php?rest_route=%2Fwp%2Fv2%2Fcomments&post=2864"}],"wp:featuredmedia":[{"embeddable":true,"href":"https:\/\/byviannie.com\/index.php?rest_route=\/wp\/v2\/media\/2873"}],"wp:attachment":[{"href":"https:\/\/byviannie.com\/index.php?rest_route=%2Fwp%2Fv2%2Fmedia&parent=2864"}],"wp:term":[{"taxonomy":"product_brand","embeddable":true,"href":"https:\/\/byviannie.com\/index.php?rest_route=%2Fwp%2Fv2%2Fproduct_brand&post=2864"},{"taxonomy":"product_cat","embeddable":true,"href":"https:\/\/byviannie.com\/index.php?rest_route=%2Fwp%2Fv2%2Fproduct_cat&post=2864"},{"taxonomy":"product_tag","embeddable":true,"href":"https:\/\/byviannie.com\/index.php?rest_route=%2Fwp%2Fv2%2Fproduct_tag&post=2864"}],"curies":[{"name":"wp","href":"https:\/\/api.w.org\/{rel}","templated":true}]}}