{"id":2624,"date":"2023-01-23T20:01:48","date_gmt":"2023-01-23T19:01:48","guid":{"rendered":"https:\/\/byviannie.com\/?post_type=product&#038;p=2624"},"modified":"2025-05-13T17:08:17","modified_gmt":"2025-05-13T15:08:17","slug":"colliers-avec-perle-nacre-et-chaine-en-acier","status":"publish","type":"product","link":"https:\/\/byviannie.com\/?product=colliers-avec-perle-nacre-et-chaine-en-acier","title":{"rendered":"colliers avec perle nacre et chaine en acier"},"content":{"rendered":"<p>\u25b6Tous les bijoux r\u00e9pertori\u00e9s dans la boutique sont pr\u00eats \u00e0 \u00eatre exp\u00e9di\u00e9s. Afin d&rsquo;\u00e9viter tout probl\u00e8me d&rsquo;exp\u00e9dition \u00e0 l&rsquo;international, tous les envois se font avec un suivi<\/p>\n<p>\u25b6Ces cr\u00e9ations sont faites \u00e0 la main avec des mat\u00e9riaux de haute qualit\u00e9, pour s\u2019assurer qu&rsquo;elles durent le plus longtemps possible, je vous conseille d&rsquo;\u00e9viter de les mettre au contact de l\u2019eau, des parfums et autres cr\u00e8mes au risque de les ab\u00eemer. Vous pouvez \u00e9galement les conserver dans leurs pochons afin d\u2019\u00e9viter tout risque d\u2019oxydation<\/p>\n<p>\u25b6 Toutes mes cr\u00e9ations sont faites de mani\u00e8re artisanale par moi-m\u00eame . Il est donc possible que de tous petits d\u00e9fauts esth\u00e9tiques soient visibles. Ceci \u00e9tant dit, je fais tout mon possible pour vous pr\u00e9senter des pi\u00e8ces de qualit\u00e9. Si vous souhaitez personnaliser une cr\u00e9ation en particulier, n\u2019h\u00e9sitez pas \u00e0 me contacter.<\/p>\n<p>\u26a0\ufe0fVeuillez noter que les photos sont agrandies pour montrer la qualit\u00e9 et les d\u00e9tails, alors v\u00e9rifiez soigneusement la description et les dimensions avant de commander.<\/p>\n<p>\u26a0\ufe0fTaxes de douane et d&rsquo;import<br \/>\nLes \u00e9ventuelles taxes de douane et d&rsquo;importation sont \u00e0 la charge des acheteurs. Je ne suis pas responsable des d\u00e9lais caus\u00e9s par la douane.<\/p>\n<p>? D\u00c9LAI DE LIVRAISON<br \/>\nLa livraison prend 1 \u00e0 3 jours pour la Suisse, 5 \u00e0 10 jours pour l\u2019Europe, et 15 \u00e0 30 jours pour le reste du monde.<\/p>\n<p>? ID\u00c9E CADEAU<br \/>\nVous souhaitez offrir ? N&rsquo;h\u00e9sitez pas \u00e0 me le dire, je me ferai un plaisir d&rsquo;ajouter une petite carte<\/p>\n","protected":false},"excerpt":{"rendered":"<p>colliers chic, sobres, minimalistes, cadeau id\u00e9al pour elle, pour la f\u00eate des m\u00e8res, cadeau pour les demoiselles d&rsquo;honneur, ou pour votre meilleure amie<\/p>\n<p>Composition:<\/p>\n<p>-chaine \u00e0 maillons de 4mm<br \/>\n-perle nacre\/coquillage alphabet<br \/>\n-chaine d&rsquo;extension de 8cm<br \/>\n-clous en acier<br \/>\n-longueur totale du collier 44cm + 8cm soit un collier de 52cm<\/p>\n<p>Quelques petits d\u00e9fauts ou accrocs \u00ab\u00a0naturels\u00a0\u00bb sur certaines lettres comme le G, W, E<\/p>\n<p>Toutes les lettres de l&rsquo;alphabet sont disponibles.<\/p>\n<p>Vous souhaitez une longueur diff\u00e9rente? merci de me contacter par mail.<\/p>\n<p>La longueur standard est de 44 cm avec une extension de 8cm soit une longueur totale de 52cm<\/p>\n<p>Une vid\u00e9o de la cr\u00e9ation est disponible sur mon compte tiktok<\/p>\n","protected":false},"featured_media":2560,"comment_status":"open","ping_status":"closed","template":"","meta":{"_monsterinsights_skip_tracking":false,"_monsterinsights_sitenote_active":false,"_monsterinsights_sitenote_note":"","_monsterinsights_sitenote_category":0},"product_brand":[],"product_cat":[41,46,172,50],"product_tag":[],"class_list":{"0":"post-2624","1":"product","2":"type-product","3":"status-publish","4":"has-post-thumbnail","6":"product_cat-bijoux-femme-colliers","7":"product_cat-bijoux-femmes","8":"product_cat-bijoux-hommes","9":"product_cat-nouveautes","11":"first","12":"onbackorder","13":"shipping-taxable","14":"purchasable","15":"product-type-variable"},"aioseo_notices":[],"_links":{"self":[{"href":"https:\/\/byviannie.com\/index.php?rest_route=\/wp\/v2\/product\/2624","targetHints":{"allow":["GET"]}}],"collection":[{"href":"https:\/\/byviannie.com\/index.php?rest_route=\/wp\/v2\/product"}],"about":[{"href":"https:\/\/byviannie.com\/index.php?rest_route=\/wp\/v2\/types\/product"}],"replies":[{"embeddable":true,"href":"https:\/\/byviannie.com\/index.php?rest_route=%2Fwp%2Fv2%2Fcomments&post=2624"}],"wp:featuredmedia":[{"embeddable":true,"href":"https:\/\/byviannie.com\/index.php?rest_route=\/wp\/v2\/media\/2560"}],"wp:attachment":[{"href":"https:\/\/byviannie.com\/index.php?rest_route=%2Fwp%2Fv2%2Fmedia&parent=2624"}],"wp:term":[{"taxonomy":"product_brand","embeddable":true,"href":"https:\/\/byviannie.com\/index.php?rest_route=%2Fwp%2Fv2%2Fproduct_brand&post=2624"},{"taxonomy":"product_cat","embeddable":true,"href":"https:\/\/byviannie.com\/index.php?rest_route=%2Fwp%2Fv2%2Fproduct_cat&post=2624"},{"taxonomy":"product_tag","embeddable":true,"href":"https:\/\/byviannie.com\/index.php?rest_route=%2Fwp%2Fv2%2Fproduct_tag&post=2624"}],"curies":[{"name":"wp","href":"https:\/\/api.w.org\/{rel}","templated":true}]}}