{"id":2588,"date":"2023-01-23T11:31:25","date_gmt":"2023-01-23T10:31:25","guid":{"rendered":"https:\/\/byviannie.com\/?post_type=product&#038;p=2588"},"modified":"2025-05-13T14:32:48","modified_gmt":"2025-05-13T12:32:48","slug":"bagues-elegantes-perles-deau-douce-veritables","status":"publish","type":"product","link":"https:\/\/byviannie.com\/?product=bagues-elegantes-perles-deau-douce-veritables","title":{"rendered":"Bagues \u00e9l\u00e9gantes perles d&rsquo;eau douce v\u00e9ritables"},"content":{"rendered":"<p>Bagues tendance avec perle d&rsquo;eau douce v\u00e9ritable et acier inoxydable dor\u00e9 et argent\u00e9, &#8211; bagues acier &#8211; Anneau semi-ouvert<br \/>\nCes bagues ne conviendraient pas aux personnes avec des doigts forts (9-10)<br \/>\nBagues sobres, chic minimalistes, qui pourraient convenir aux personnes faisant un tour de doigt de 6 et 7(entre 52mm et 55mm).<br \/>\nCes bagues semi-ouvertes correspondent \u00e0 une taille 7, qui est aux alentours de 54-55 mm (voir les 5 derni\u00e8res photos)<\/p>\n<p>Composition:<\/p>\n<p>Mat\u00e9riau: plaqu\u00e9 or 18k acier inoxydable 316L<br \/>\nPerle naturelle<br \/>\nEpaisseur de la perle :6mm<br \/>\nLargeur de la perle :7mm<br \/>\nEpaisseur de l&rsquo;anneau vue lat\u00e9rale: 3mm<br \/>\nLargeur de l&rsquo;anneau vue de face:5mm<br \/>\ncolle sp\u00e9ciale bijoux<br \/>\npoids: 2.5g<\/p>\n<p>\u25b6Tous les bijoux r\u00e9pertori\u00e9s dans la boutique sont pr\u00eats \u00e0 \u00eatre exp\u00e9di\u00e9s. Afin d&rsquo;\u00e9viter tout probl\u00e8me d&rsquo;exp\u00e9dition \u00e0 l&rsquo;international, tous les envois se font avec un suivi<\/p>\n<p>\u25b6Ces cr\u00e9ations sont faites \u00e0 la main avec des mat\u00e9riaux de haute qualit\u00e9, pour s\u2019assurer qu&rsquo;elles durent le plus longtemps possible, je vous conseille d&rsquo;\u00e9viter de les mettre au contact de l\u2019eau, des parfums et autres cr\u00e8mes au risque de les ab\u00eemer. Vous pouvez \u00e9galement les conserver dans leurs pochons afin d\u2019\u00e9viter tout risque d\u2019oxydation<\/p>\n<p>\u25b6 Toutes mes cr\u00e9ations sont faites de mani\u00e8re artisanale par moi-m\u00eame . Il est donc possible que de tous petits d\u00e9fauts esth\u00e9tiques soient visibles. Ceci \u00e9tant dit, je fais tout mon possible pour vous pr\u00e9senter des pi\u00e8ces de qualit\u00e9. Si vous souhaitez personnaliser une cr\u00e9ation en particulier, n\u2019h\u00e9sitez pas \u00e0 me contacter.<\/p>\n<p>\u26a0\ufe0fVeuillez noter que les photos sont agrandies pour montrer la qualit\u00e9 et les d\u00e9tails, alors v\u00e9rifiez soigneusement la description et les dimensions avant de commander.<\/p>\n<p>\u26a0\ufe0fTaxes de douane et d&rsquo;import<br \/>\nLes \u00e9ventuelles taxes de douane et d&rsquo;importation sont \u00e0 la charge des acheteurs. Je ne suis pas responsable des d\u00e9lais caus\u00e9s par la douane.<\/p>\n<p>? D\u00c9LAI DE LIVRAISON<br \/>\nLa livraison prend 1 \u00e0 3 jours pour la Suisse, 5 \u00e0 10 jours pour l\u2019Europe, et 15 \u00e0 30 jours pour le reste du monde.<\/p>\n<p>? ID\u00c9E CADEAU<br \/>\nVous souhaitez offrir ? N&rsquo;h\u00e9sitez pas \u00e0 me le dire, je me ferai un plaisir d&rsquo;ajouter une petite carte.<\/p>\n","protected":false},"excerpt":{"rendered":"<p>Bagues tendance avec perle d&rsquo;eau douce v\u00e9ritable et acier inoxydable dor\u00e9 et argent\u00e9, &#8211; bagues acier &#8211; Anneau semi-ouvert<\/p>\n<p>Ces bagues ne conviendraient pas aux personnes avec des doigts forts (9-10)<\/p>\n<p>Bagues sobres, chic minimalistes, qui pourraient convenir aux personnes faisant un tour de doigt de 6 et 7(entre 52mm et 55mm).<\/p>\n<p>Ces bagues semi-ouvertes correspondent \u00e0 une taille 7, qui est aux alentours de 54-55 mm (voir les 5 derni\u00e8res photos)<\/p>\n<p>Composition:<\/p>\n<p>Mat\u00e9riau: plaqu\u00e9 or 18k acier inoxydable 316L<br \/>\nPerle naturelle<br \/>\nEpaisseur de la perle :6mm<br \/>\nLargeur de la perle :7mm<br \/>\nEpaisseur de l&rsquo;anneau vue lat\u00e9rale: 3mm<br \/>\nLargeur de l&rsquo;anneau vue de face:5mm<br \/>\ncolle sp\u00e9ciale bijoux<br \/>\npoids: 2.5g<\/p>\n","protected":false},"featured_media":2598,"comment_status":"open","ping_status":"closed","template":"","meta":{"_monsterinsights_skip_tracking":false,"_monsterinsights_sitenote_active":false,"_monsterinsights_sitenote_note":"","_monsterinsights_sitenote_category":0},"product_brand":[],"product_cat":[171,46,50],"product_tag":[],"class_list":{"0":"post-2588","1":"product","2":"type-product","3":"status-publish","4":"has-post-thumbnail","6":"product_cat-bagues","7":"product_cat-bijoux-femmes","8":"product_cat-nouveautes","10":"first","11":"outofstock","12":"shipping-taxable","13":"purchasable","14":"product-type-variable"},"aioseo_notices":[],"_links":{"self":[{"href":"https:\/\/byviannie.com\/index.php?rest_route=\/wp\/v2\/product\/2588","targetHints":{"allow":["GET"]}}],"collection":[{"href":"https:\/\/byviannie.com\/index.php?rest_route=\/wp\/v2\/product"}],"about":[{"href":"https:\/\/byviannie.com\/index.php?rest_route=\/wp\/v2\/types\/product"}],"replies":[{"embeddable":true,"href":"https:\/\/byviannie.com\/index.php?rest_route=%2Fwp%2Fv2%2Fcomments&post=2588"}],"wp:featuredmedia":[{"embeddable":true,"href":"https:\/\/byviannie.com\/index.php?rest_route=\/wp\/v2\/media\/2598"}],"wp:attachment":[{"href":"https:\/\/byviannie.com\/index.php?rest_route=%2Fwp%2Fv2%2Fmedia&parent=2588"}],"wp:term":[{"taxonomy":"product_brand","embeddable":true,"href":"https:\/\/byviannie.com\/index.php?rest_route=%2Fwp%2Fv2%2Fproduct_brand&post=2588"},{"taxonomy":"product_cat","embeddable":true,"href":"https:\/\/byviannie.com\/index.php?rest_route=%2Fwp%2Fv2%2Fproduct_cat&post=2588"},{"taxonomy":"product_tag","embeddable":true,"href":"https:\/\/byviannie.com\/index.php?rest_route=%2Fwp%2Fv2%2Fproduct_tag&post=2588"}],"curies":[{"name":"wp","href":"https:\/\/api.w.org\/{rel}","templated":true}]}}