{"id":2564,"date":"2023-01-23T10:50:59","date_gmt":"2023-01-23T09:50:59","guid":{"rendered":"https:\/\/byviannie.com\/?post_type=product&#038;p=2564"},"modified":"2025-05-13T14:31:43","modified_gmt":"2025-05-13T12:31:43","slug":"boucles-doreilles-epingles-a-nourrice-femmes","status":"publish","type":"product","link":"https:\/\/byviannie.com\/?product=boucles-doreilles-epingles-a-nourrice-femmes","title":{"rendered":"Boucles d&rsquo;oreilles \u00e9l\u00e9gantes et minimalistes"},"content":{"rendered":"<p>Boucles d&rsquo;oreilles \u00e9pingles \u00e0 nourrice, \u00e9l\u00e9gantes, minimalistes et tendances, boucles hypoallerg\u00e9niques pour femmes<\/p>\n<p>Boucles d&rsquo;oreilles tendance, chics minimalistes et qui sauront s&rsquo;adapter \u00e0 toutes vos tenues.<\/p>\n<p>Mat\u00e9riau: acier inoxydable 316L<\/p>\n<p>Perles: synth\u00e9tiques<\/p>\n<p>Taille: 28mm x 10mm<\/p>\n<p>Poids: 3 g\/paire<\/p>\n<p>Caract\u00e9ristique: hypoallerg\u00e9nique<\/p>\n<p>&nbsp;<\/p>\n<p>&nbsp;<\/p>\n","protected":false},"excerpt":{"rendered":"<p>Boucles d&rsquo;oreilles \u00e9pingles \u00e0 nourrice, \u00e9l\u00e9gante, minimalistes et tendance, boucles hypoallerg\u00e9niques pour femmes<\/p>\n<p>Boucles d&rsquo;oreilles tendance, chics minimalistes et qui sauront s&rsquo;adapter \u00e0 toutes vos tenues.<\/p>\n<p>Mat\u00e9riau: acier inoxydable 316L<\/p>\n<p>Perles: synth\u00e9tiques<\/p>\n<p>Taille: 28mm x 10mm<\/p>\n<p>Poids: 3 g\/paire<\/p>\n<p>Caract\u00e9ristique: hypoallerg\u00e9nique<\/p>\n","protected":false},"featured_media":2574,"comment_status":"open","ping_status":"closed","template":"","meta":{"_monsterinsights_skip_tracking":false,"_monsterinsights_sitenote_active":false,"_monsterinsights_sitenote_note":"","_monsterinsights_sitenote_category":0},"product_brand":[],"product_cat":[44,46,50],"product_tag":[],"class_list":{"0":"post-2564","1":"product","2":"type-product","3":"status-publish","4":"has-post-thumbnail","6":"product_cat-bijoux-femmes-boucles-doreilles","7":"product_cat-bijoux-femmes","8":"product_cat-nouveautes","10":"first","11":"outofstock","12":"shipping-taxable","13":"purchasable","14":"product-type-simple"},"aioseo_notices":[],"_links":{"self":[{"href":"https:\/\/byviannie.com\/index.php?rest_route=\/wp\/v2\/product\/2564","targetHints":{"allow":["GET"]}}],"collection":[{"href":"https:\/\/byviannie.com\/index.php?rest_route=\/wp\/v2\/product"}],"about":[{"href":"https:\/\/byviannie.com\/index.php?rest_route=\/wp\/v2\/types\/product"}],"replies":[{"embeddable":true,"href":"https:\/\/byviannie.com\/index.php?rest_route=%2Fwp%2Fv2%2Fcomments&post=2564"}],"wp:featuredmedia":[{"embeddable":true,"href":"https:\/\/byviannie.com\/index.php?rest_route=\/wp\/v2\/media\/2574"}],"wp:attachment":[{"href":"https:\/\/byviannie.com\/index.php?rest_route=%2Fwp%2Fv2%2Fmedia&parent=2564"}],"wp:term":[{"taxonomy":"product_brand","embeddable":true,"href":"https:\/\/byviannie.com\/index.php?rest_route=%2Fwp%2Fv2%2Fproduct_brand&post=2564"},{"taxonomy":"product_cat","embeddable":true,"href":"https:\/\/byviannie.com\/index.php?rest_route=%2Fwp%2Fv2%2Fproduct_cat&post=2564"},{"taxonomy":"product_tag","embeddable":true,"href":"https:\/\/byviannie.com\/index.php?rest_route=%2Fwp%2Fv2%2Fproduct_tag&post=2564"}],"curies":[{"name":"wp","href":"https:\/\/api.w.org\/{rel}","templated":true}]}}