{"id":2498,"date":"2023-01-23T10:27:13","date_gmt":"2023-01-23T09:27:13","guid":{"rendered":"https:\/\/byviannie.com\/?post_type=product&#038;p=2498"},"modified":"2025-05-13T14:21:52","modified_gmt":"2025-05-13T12:21:52","slug":"bagues-sobres-chic-pour-femmes-bagues-en-acier","status":"publish","type":"product","link":"https:\/\/byviannie.com\/?product=bagues-sobres-chic-pour-femmes-bagues-en-acier","title":{"rendered":"Bagues sobres chic pour femmes, bagues en acier"},"content":{"rendered":"<p>Bagues tendance avec perles rondes dor\u00e9es en acier inoxydable &#8211; bagues acier316L &#8211; Anneaux pour les fashionistas<\/p>\n<p>Bagues sobres, chic minimalistes pour femmes qui aiment les bagues assez volumineuses<\/p>\n<p>Pour connaitre votre taille, merci de vous r\u00e9f\u00e9rer \u00e0 la derni\u00e8re photo de la fiche produit, celle avec le tableau des tailles dans certains pays.<\/p>\n<p>Composition:<\/p>\n<p>Bagues 2 perles dor\u00e9es r\u00e9glables<br \/>\nmat\u00e9riau: plaqu\u00e9 or 18k acier inoxydable 316L<br \/>\nTaille de la plus grande perle dor\u00e9e 10mm<br \/>\npoids: 5.4g<\/p>\n<p>Bagues 3 perles dor\u00e9es non r\u00e9glables<br \/>\nmat\u00e9riau: plaqu\u00e9 or 18k acier inoxydable 316L<br \/>\ntaille :7<br \/>\nEpaisseur de l&rsquo;anneau spiral :4mm<br \/>\nLargeur de l&rsquo;anneau : 33mm<br \/>\nHauteur : 31mm<br \/>\nDiam\u00e8tre des 2 plus petites perles : 12mm<br \/>\npoids: 18g<\/p>\n<p>La taille 7 est aux alentours de 54-55 mm<\/p>\n<p>\u25b6Tous les bijoux r\u00e9pertori\u00e9s dans la boutique sont pr\u00eats \u00e0 \u00eatre exp\u00e9di\u00e9s. Afin d&rsquo;\u00e9viter tout probl\u00e8me d&rsquo;exp\u00e9dition \u00e0 l&rsquo;international, tous les envois se font avec un suivi<\/p>\n<p>\u25b6 Toutes mes cr\u00e9ations sont faites de mani\u00e8re artisanale par moi-m\u00eame . Il est donc possible que de tous petits d\u00e9fauts esth\u00e9tiques soient visibles. Ceci \u00e9tant dit, je fais tout mon possible pour vous pr\u00e9senter des pi\u00e8ces de qualit\u00e9. Si vous souhaitez personnaliser une cr\u00e9ation en particulier, n\u2019h\u00e9sitez pas \u00e0 me contacter.<\/p>\n<p>\u26a0\ufe0fVeuillez noter que les photos sont agrandies pour montrer la qualit\u00e9 et les d\u00e9tails, alors v\u00e9rifiez soigneusement la description et les dimensions avant de commander.<\/p>\n<p>\u26a0\ufe0fTaxes de douane et d&rsquo;import<br \/>\nLes \u00e9ventuelles taxes de douane et d&rsquo;importation sont \u00e0 la charge des acheteurs. Je ne suis pas responsable des d\u00e9lais caus\u00e9s par la douane.<\/p>\n<p>? D\u00c9LAI DE LIVRAISON<br \/>\nLa livraison prend 1 \u00e0 3 jours pour la Suisse, 5 \u00e0 10 jours pour l\u2019Europe, et 15 \u00e0 30 jours pour le reste du monde.<\/p>\n<p>? ID\u00c9E CADEAU<br \/>\nVous souhaitez offrir ? N&rsquo;h\u00e9sitez pas \u00e0 me le dire, je me ferai un plaisir d&rsquo;ajouter une petite carte.<\/p>\n","protected":false},"excerpt":{"rendered":"<p>Bagues tendance avec perles rondes dor\u00e9es en acier inoxydable &#8211; bagues acier316L &#8211; Anneaux pour les fashionistas<\/p>\n<p>Bagues sobres, chic minimalistes pour femmes qui aiment les bagues assez volumineuses<\/p>\n<p>Pour connaitre votre taille, merci de vous r\u00e9f\u00e9rer \u00e0 la derni\u00e8re photo de la fiche produit, celle avec le tableau des tailles dans certains pays.<\/p>\n<p>Composition:<\/p>\n<p>Bagues 2 perles dor\u00e9es r\u00e9glables<br \/>\nmat\u00e9riau: plaqu\u00e9 or 18k acier inoxydable 316L<br \/>\nTaille de la plus grande perle dor\u00e9e 10mm<br \/>\npoids: 5.4g<\/p>\n<p>Bagues 3 perles dor\u00e9es non r\u00e9glables<br \/>\nmat\u00e9riau: plaqu\u00e9 or 18k acier inoxydable 316L<br \/>\ntaille :7<br \/>\nEpaisseur de l&rsquo;anneau spiral :4mm<br \/>\nLargeur de l&rsquo;anneau : 33mm<br \/>\nHauteur : 31mm<br \/>\nDiam\u00e8tre des 2 plus petites perles : 12mm<br \/>\npoids: 18g<\/p>\n<p>La taille 7 est aux alentours de 54-55 mm<\/p>\n","protected":false},"featured_media":2507,"comment_status":"open","ping_status":"closed","template":"","meta":{"_monsterinsights_skip_tracking":false,"_monsterinsights_sitenote_active":false,"_monsterinsights_sitenote_note":"","_monsterinsights_sitenote_category":0},"product_brand":[],"product_cat":[171,50],"product_tag":[],"class_list":{"0":"post-2498","1":"product","2":"type-product","3":"status-publish","4":"has-post-thumbnail","6":"product_cat-bagues","7":"product_cat-nouveautes","9":"first","10":"outofstock","11":"shipping-taxable","12":"purchasable","13":"product-type-variable"},"aioseo_notices":[],"_links":{"self":[{"href":"https:\/\/byviannie.com\/index.php?rest_route=\/wp\/v2\/product\/2498","targetHints":{"allow":["GET"]}}],"collection":[{"href":"https:\/\/byviannie.com\/index.php?rest_route=\/wp\/v2\/product"}],"about":[{"href":"https:\/\/byviannie.com\/index.php?rest_route=\/wp\/v2\/types\/product"}],"replies":[{"embeddable":true,"href":"https:\/\/byviannie.com\/index.php?rest_route=%2Fwp%2Fv2%2Fcomments&post=2498"}],"wp:featuredmedia":[{"embeddable":true,"href":"https:\/\/byviannie.com\/index.php?rest_route=\/wp\/v2\/media\/2507"}],"wp:attachment":[{"href":"https:\/\/byviannie.com\/index.php?rest_route=%2Fwp%2Fv2%2Fmedia&parent=2498"}],"wp:term":[{"taxonomy":"product_brand","embeddable":true,"href":"https:\/\/byviannie.com\/index.php?rest_route=%2Fwp%2Fv2%2Fproduct_brand&post=2498"},{"taxonomy":"product_cat","embeddable":true,"href":"https:\/\/byviannie.com\/index.php?rest_route=%2Fwp%2Fv2%2Fproduct_cat&post=2498"},{"taxonomy":"product_tag","embeddable":true,"href":"https:\/\/byviannie.com\/index.php?rest_route=%2Fwp%2Fv2%2Fproduct_tag&post=2498"}],"curies":[{"name":"wp","href":"https:\/\/api.w.org\/{rel}","templated":true}]}}