{"id":2351,"date":"2022-11-11T13:40:40","date_gmt":"2022-11-11T12:40:40","guid":{"rendered":"https:\/\/byviannie.com\/?post_type=product&#038;p=2351"},"modified":"2025-05-13T14:32:48","modified_gmt":"2025-05-13T12:32:48","slug":"bracelets-reglables-liberty-pour-toute-la-famille","status":"publish","type":"product","link":"https:\/\/byviannie.com\/?product=bracelets-reglables-liberty-pour-toute-la-famille","title":{"rendered":"Bracelets liberty pour toute la famille"},"content":{"rendered":"<p>Pour r\u00e9gler la taille du bracelet, il suffit soit de r\u00e9duire la taille en tirant de chaque cot\u00e9 des n\u0153uds vers la b\u00e9li\u00e8re pour une plus petite taille, ou alors en \u00e9loignant les n\u0153uds de la b\u00e9li\u00e8re ou en tirant sur le cordon principal pour une grande taille.<\/p>\n<p>Vous souhaitez des breloques diff\u00e9rents de celles pr\u00e9sentes sur le bracelet, n&rsquo;h\u00e9sitez pas \u00e0 me contacter<\/p>\n<p>Tous les bijoux r\u00e9pertori\u00e9s dans la boutique sont pr\u00eats \u00e0 \u00eatre exp\u00e9di\u00e9s. Votre commande vous sera envoy\u00e9e dans un joli pochon, puis dans une bo\u00eete, afin que cette derni\u00e8re ne s&rsquo;ab\u00eeme lors du transport. Afin d&rsquo;\u00e9viter tout probl\u00e8me d&rsquo;exp\u00e9dition \u00e0 l&rsquo;international, tous les envois se font avec un suivi<\/p>\n<p>Ces bracelets sont fait \u00e0 la main avec des mat\u00e9riaux de haute qualit\u00e9, et peuvent aller dans l&rsquo;eau, mais du fait de la pr\u00e9sence de la nacre et pour s\u2019assurer qu\u2019ils durent le plus longtemps possible ou qu&rsquo;ils ne ternissent, je vous conseille d&rsquo;\u00e9viter de les mettre au contact de l\u2019eau, des parfums et autres cr\u00e8mes au risque de l\u2019ab\u00eemer. Vous pouvez \u00e9galement le conserver dans le pochon afin d\u2019\u00e9viter tout risque d\u2019oxydation.<\/p>\n<p>Toutes mes cr\u00e9ations sont faites de mani\u00e8re artisanale par moi-m\u00eame . Il est donc possible que de tous petits d\u00e9fauts esth\u00e9tiques soient visibles. Ceci \u00e9tant dit, je fais tout mon possible pour vous pr\u00e9senter des pi\u00e8ces de qualit\u00e9. Si vous souhaitez personnaliser une cr\u00e9ation en particulier, n\u2019h\u00e9sitez pas \u00e0 me contacter.<\/p>\n<p>\u26a0\ufe0fVeuillez noter que certaines photos sont agrandies pour montrer la qualit\u00e9 et les d\u00e9tails, alors v\u00e9rifiez soigneusement la description et les dimensions avant de commander.<\/p>\n<p>? D\u00c9LAI DE LIVRAISON<br \/>\nLa livraison prend 1 \u00e0 3 jours pour la Suisse, 5 \u00e0 10 jours pour l\u2019Europe, et 15 \u00e0 30 jours pour le reste du monde.<\/p>\n<p>? ID\u00c9E CADEAU<br \/>\nVous souhaitez offrir ? N&rsquo;h\u00e9sitez pas \u00e0 me le dire, je me ferai un plaisir d&rsquo;ajouter une petite carte.<\/p>\n","protected":false},"excerpt":{"rendered":"<p>Bracelets r\u00e9glables liberty pour toute la famille<\/p>\n<p>Je vous propose une collection de bracelet cordon Liberty. Ces cordons ont \u00e9t\u00e9 cousus par moi-m\u00eame<\/p>\n<p>Les bracelets sont r\u00e9glables gr\u00e2ce \u00e0 leur noeuds coulissants.<\/p>\n<p>Composition:<\/p>\n<p>\u2665Cordon liberty en coton de 0.4cm de large<br \/>\n\u2665Breloques (nacre v\u00e9ritable en forme d&rsquo;\u00e9toile et petit cadenas en acier 304)<br \/>\n\u2665B\u00e9li\u00e8res en acier inoxydable<br \/>\n\u2665Bracelets r\u00e9glables pouvant \u00eatre port\u00e9s par des personnes qui ont un poignet fin \u00e0 fort<\/p>\n<p>&nbsp;<\/p>\n","protected":false},"featured_media":2361,"comment_status":"open","ping_status":"closed","template":"","meta":{"_monsterinsights_skip_tracking":false,"_monsterinsights_sitenote_active":false,"_monsterinsights_sitenote_note":"","_monsterinsights_sitenote_category":0},"product_brand":[],"product_cat":[16,47,46],"product_tag":[],"class_list":{"0":"post-2351","1":"product","2":"type-product","3":"status-publish","4":"has-post-thumbnail","6":"product_cat-bijoux-femmes-bracelets","7":"product_cat-bijoux-enfants","8":"product_cat-bijoux-femmes","10":"first","11":"outofstock","12":"shipping-taxable","13":"purchasable","14":"product-type-variable"},"aioseo_notices":[],"_links":{"self":[{"href":"https:\/\/byviannie.com\/index.php?rest_route=\/wp\/v2\/product\/2351","targetHints":{"allow":["GET"]}}],"collection":[{"href":"https:\/\/byviannie.com\/index.php?rest_route=\/wp\/v2\/product"}],"about":[{"href":"https:\/\/byviannie.com\/index.php?rest_route=\/wp\/v2\/types\/product"}],"replies":[{"embeddable":true,"href":"https:\/\/byviannie.com\/index.php?rest_route=%2Fwp%2Fv2%2Fcomments&post=2351"}],"wp:featuredmedia":[{"embeddable":true,"href":"https:\/\/byviannie.com\/index.php?rest_route=\/wp\/v2\/media\/2361"}],"wp:attachment":[{"href":"https:\/\/byviannie.com\/index.php?rest_route=%2Fwp%2Fv2%2Fmedia&parent=2351"}],"wp:term":[{"taxonomy":"product_brand","embeddable":true,"href":"https:\/\/byviannie.com\/index.php?rest_route=%2Fwp%2Fv2%2Fproduct_brand&post=2351"},{"taxonomy":"product_cat","embeddable":true,"href":"https:\/\/byviannie.com\/index.php?rest_route=%2Fwp%2Fv2%2Fproduct_cat&post=2351"},{"taxonomy":"product_tag","embeddable":true,"href":"https:\/\/byviannie.com\/index.php?rest_route=%2Fwp%2Fv2%2Fproduct_tag&post=2351"}],"curies":[{"name":"wp","href":"https:\/\/api.w.org\/{rel}","templated":true}]}}