{"id":2334,"date":"2022-10-19T18:26:36","date_gmt":"2022-10-19T16:26:36","guid":{"rendered":"https:\/\/byviannie.com\/?post_type=product&#038;p=2334"},"modified":"2025-05-13T17:10:53","modified_gmt":"2025-05-13T15:10:53","slug":"colliers-perles-de-verre-tendance","status":"publish","type":"product","link":"https:\/\/byviannie.com\/?product=colliers-perles-de-verre-tendance","title":{"rendered":"Colliers perles de verre tendance"},"content":{"rendered":"<p>\u2728COMPOSITION:<br \/>\nColliers en perles de verre et fermoir en acier<\/p>\n<p>\u2728TAILLE:<br \/>\nnon ajustable<\/p>\n<p>\u2665Tous les bijoux r\u00e9pertori\u00e9s dans la boutique sont pr\u00eats \u00e0 \u00eatre exp\u00e9di\u00e9s. Votre commande vous sera envoy\u00e9e dans un joli pochon, puis dans une bo\u00eete, afin que cette derni\u00e8re ne s&rsquo;ab\u00eeme lors du transport. Afin d&rsquo;\u00e9viter tout probl\u00e8me d&rsquo;exp\u00e9dition \u00e0 l&rsquo;international, tous les envois se font avec un suivi<\/p>\n<p>\u2665 Toutes mes cr\u00e9ations sont faites de mani\u00e8re artisanale par moi-m\u00eame . Il est donc possible que de tous petits d\u00e9fauts esth\u00e9tiques soient visibles. Ceci \u00e9tant dit, je fais tout mon possible pour vous pr\u00e9senter des pi\u00e8ces de qualit\u00e9. Si vous souhaitez personnaliser une cr\u00e9ation en particulier, n\u2019h\u00e9sitez pas \u00e0 me contacter.<\/p>\n<p>\u2728Vous souhaitez avoir un bracelet identique \u00e0 un collier de votre choix? n&rsquo;h\u00e9sitez pas \u00e0 me contacter<\/p>\n<p>\u26a0\ufe0fVeuillez noter que les photos sont agrandies pour montrer la qualit\u00e9 et les d\u00e9tails, alors v\u00e9rifiez soigneusement la description et les dimensions avant de commander.<\/p>\n<p>? D\u00c9LAI DE LIVRAISON<br \/>\nLa livraison prend 1 \u00e0 3 jours pour la Suisse, 5 \u00e0 10 jours pour l\u2019Europe, et 15 \u00e0 30 jours pour le reste du monde.<\/p>\n<p>? ID\u00c9E CADEAU<br \/>\nVous souhaitez offrir ? N&rsquo;h\u00e9sitez pas \u00e0 me le dire, je me ferai un plaisir d&rsquo;ajouter une petite carte.<\/p>\n","protected":false},"excerpt":{"rendered":"<p>Colliers perles de verre &#8211; colliers minimalistes &#8211; colliers ras de cou- colliers color\u00e9s<\/p>\n<p>Colliers tendances, et qui sauront s&rsquo;adapter \u00e0 toutes vos tenues \u2661.<\/p>\n<p>Les chaines, ainsi que les breloques sont en laiton plaqu\u00e9. (ces chaines rosaire ont \u00e9t\u00e9 r\u00e9alis\u00e9 par moi-m\u00eame)<\/p>\n<p>Les fermoirs homard ainsi que les anneaux de jonction sont en acier inoxydable<\/p>\n<p>&#8211; Quantit\u00e9 : 1 collier<br \/>\n&#8211; Dimensions : Cha\u00eene de 45 cm (il est possible de personnaliser la longueur de votre collier)<br \/>\n&#8211; Mat\u00e9riaux de production : laiton plaqu\u00e9 or, perles de verre, acier inoxydable<br \/>\n&#8211; Processus de production : Fait Main<br \/>\n&#8211; \u00c9tat : Le collier est neuf<\/p>\n","protected":false},"featured_media":2341,"comment_status":"open","ping_status":"closed","template":"","meta":{"_monsterinsights_skip_tracking":false,"_monsterinsights_sitenote_active":false,"_monsterinsights_sitenote_note":"","_monsterinsights_sitenote_category":0},"product_brand":[],"product_cat":[41,47,46,50],"product_tag":[],"class_list":{"0":"post-2334","1":"product","2":"type-product","3":"status-publish","4":"has-post-thumbnail","6":"product_cat-bijoux-femme-colliers","7":"product_cat-bijoux-enfants","8":"product_cat-bijoux-femmes","9":"product_cat-nouveautes","11":"first","12":"outofstock","13":"shipping-taxable","14":"purchasable","15":"product-type-variable"},"aioseo_notices":[],"_links":{"self":[{"href":"https:\/\/byviannie.com\/index.php?rest_route=\/wp\/v2\/product\/2334","targetHints":{"allow":["GET"]}}],"collection":[{"href":"https:\/\/byviannie.com\/index.php?rest_route=\/wp\/v2\/product"}],"about":[{"href":"https:\/\/byviannie.com\/index.php?rest_route=\/wp\/v2\/types\/product"}],"replies":[{"embeddable":true,"href":"https:\/\/byviannie.com\/index.php?rest_route=%2Fwp%2Fv2%2Fcomments&post=2334"}],"wp:featuredmedia":[{"embeddable":true,"href":"https:\/\/byviannie.com\/index.php?rest_route=\/wp\/v2\/media\/2341"}],"wp:attachment":[{"href":"https:\/\/byviannie.com\/index.php?rest_route=%2Fwp%2Fv2%2Fmedia&parent=2334"}],"wp:term":[{"taxonomy":"product_brand","embeddable":true,"href":"https:\/\/byviannie.com\/index.php?rest_route=%2Fwp%2Fv2%2Fproduct_brand&post=2334"},{"taxonomy":"product_cat","embeddable":true,"href":"https:\/\/byviannie.com\/index.php?rest_route=%2Fwp%2Fv2%2Fproduct_cat&post=2334"},{"taxonomy":"product_tag","embeddable":true,"href":"https:\/\/byviannie.com\/index.php?rest_route=%2Fwp%2Fv2%2Fproduct_tag&post=2334"}],"curies":[{"name":"wp","href":"https:\/\/api.w.org\/{rel}","templated":true}]}}