{"id":2300,"date":"2022-10-05T11:41:45","date_gmt":"2022-10-05T09:41:45","guid":{"rendered":"https:\/\/byviannie.com\/?post_type=product&#038;p=2300"},"modified":"2025-05-13T14:21:55","modified_gmt":"2025-05-13T12:21:55","slug":"bracelet-acier-inoxydable-dore-xl-rudy","status":"publish","type":"product","link":"https:\/\/byviannie.com\/?product=bracelet-acier-inoxydable-dore-xl-rudy","title":{"rendered":"Bracelet acier inoxydable dor\u00e9 XL &#8211; Rudy"},"content":{"rendered":"<p>Bracelet acier inoxydable dor\u00e9 XL &#8211; bracelet minimaliste &#8211; bracelet acier &#8211; bracelet or &#8211; bracelet maille for\u00e7at<\/p>\n<p>Bracelet hyper tendance, et qui saura s&rsquo;adapter \u00e0 toutes vos tenues.<\/p>\n<p>La chaine, ainsi que le pendentif\u00a0 sont en acier inoxydable 304.<\/p>\n<p>appr\u00eats, sont en acier inoxydable dor\u00e9.<\/p>\n<p>L&rsquo;acier \u00e9tant tr\u00e8s r\u00e9sistant, votre bijou ne se ternira pas avec le temps.<\/p>\n<p>Longueur : 22cm<br \/>\nLargeur : 8mm<br \/>\nLien : 10x8x2mm,<br \/>\nAnneau 12x2mm<br \/>\nFermoir: 8x21x3mm<br \/>\nPendentif: r\u00e9publique fran\u00e7aise de diam\u00e8tre de 22 mm<br \/>\nChaine for\u00e7at de type vintage retro en plaqu\u00e9 or 14K<\/p>\n<p>\u25b6Tous les bijoux r\u00e9pertori\u00e9s dans la boutique sont pr\u00eats \u00e0 \u00eatre exp\u00e9di\u00e9s. Votre commande vous sera envoy\u00e9e dans un joli pochon, puis dans une bo\u00eete, afin que cette derni\u00e8re ne s&rsquo;ab\u00eeme lors du transport. Afin d&rsquo;\u00e9viter tout probl\u00e8me d&rsquo;exp\u00e9dition \u00e0 l&rsquo;international, tous les envois se font avec un suivi<\/p>\n<p>\u25b6 Ce bracelet est \u00e0 la main avec des mat\u00e9riaux de haute qualit\u00e9. Il ne craint pas l&rsquo;eau, et peut \u00eatre port\u00e9 durant vos activit\u00e9s du quotidien<\/p>\n<p>\u25b6 Toutes mes cr\u00e9ations sont faites de mani\u00e8re artisanale par moi-m\u00eame . Il est donc possible que de tous petits d\u00e9fauts esth\u00e9tiques soient visibles. Ceci \u00e9tant dit, je fais tout mon possible pour vous pr\u00e9senter des pi\u00e8ces de qualit\u00e9. Si vous souhaitez personnaliser une cr\u00e9ation en particulier, n\u2019h\u00e9sitez pas \u00e0 me contacter.<\/p>\n<p>\u26a0\ufe0fVeuillez noter que les photos sont agrandies pour montrer la qualit\u00e9 et les d\u00e9tails, alors v\u00e9rifiez soigneusement la description et les dimensions avant de commander.<\/p>\n<p>? D\u00c9LAI DE LIVRAISON<br \/>\nLa livraison prend 1 \u00e0 3 jours pour la Suisse, 5 \u00e0 10 jours pour l\u2019Europe, et 15 \u00e0 30 jours pour le reste du monde.<\/p>\n<p>? ID\u00c9E CADEAU<br \/>\nVous souhaitez offrir ? N&rsquo;h\u00e9sitez pas \u00e0 me le dire, je me ferai un plaisir d&rsquo;ajouter une petite carte.<\/p>\n","protected":false},"excerpt":{"rendered":"<p>Bracelet acier inoxydable dor\u00e9 XL &#8211; bracelet minimaliste &#8211; bracelet acier &#8211; bracelet or &#8211; bracelet maille for\u00e7at<\/p>\n<p>Bracelet hyper tendance, et qui saura s&rsquo;adapter \u00e0 toutes vos tenues.<\/p>\n<p>La chaine, ainsi que le pendentif\u00a0 sont en acier inoxydable 304.<\/p>\n<p>appr\u00eats, sont en acier inoxydable dor\u00e9.<\/p>\n<p>L&rsquo;acier \u00e9tant tr\u00e8s r\u00e9sistant, votre bijou ne se ternira pas avec le temps.<\/p>\n<p>Longueur : 22cm<br \/>\nLargeur : 8mm<br \/>\nLien : 10x8x2mm,<br \/>\nAnneau 12x2mm<br \/>\nFermoir: 8x21x3mm<br \/>\nPendentif: r\u00e9publique fran\u00e7aise de diam\u00e8tre de 22 mm<br \/>\nChaine for\u00e7at de type vintage retro en plaqu\u00e9 or 14K<\/p>\n<p>\u25b6Tous les bijoux r\u00e9pertori\u00e9s dans la boutique sont pr\u00eats \u00e0 \u00eatre exp\u00e9di\u00e9s. Votre commande vous sera envoy\u00e9e dans un joli pochon, puis dans une bo\u00eete, afin que cette derni\u00e8re ne s&rsquo;ab\u00eeme lors du transport. Afin d&rsquo;\u00e9viter tout probl\u00e8me d&rsquo;exp\u00e9dition \u00e0 l&rsquo;international, tous les envois se font avec un suivi<\/p>\n<p>\u25b6 Ce bracelet est \u00e0 la main avec des mat\u00e9riaux de haute qualit\u00e9. Il ne craint pas l&rsquo;eau, et peut \u00eatre port\u00e9 durant vos activit\u00e9s du quotidien<\/p>\n<p>\u25b6 Toutes mes cr\u00e9ations sont faites de mani\u00e8re artisanale par moi-m\u00eame . Il est donc possible que de tous petits d\u00e9fauts esth\u00e9tiques soient visibles. Ceci \u00e9tant dit, je fais tout mon possible pour vous pr\u00e9senter des pi\u00e8ces de qualit\u00e9. Si vous souhaitez personnaliser une cr\u00e9ation en particulier, n\u2019h\u00e9sitez pas \u00e0 me contacter.<\/p>\n<p>\u26a0\ufe0fVeuillez noter que les photos sont agrandies pour montrer la qualit\u00e9 et les d\u00e9tails, alors v\u00e9rifiez soigneusement la description et les dimensions avant de commander.<\/p>\n<p>? D\u00c9LAI DE LIVRAISON<br \/>\nLa livraison prend 1 \u00e0 3 jours pour la Suisse, 5 \u00e0 10 jours pour l\u2019Europe, et 15 \u00e0 30 jours pour le reste du monde.<\/p>\n<p>? ID\u00c9E CADEAU<br \/>\nVous souhaitez offrir ? N&rsquo;h\u00e9sitez pas \u00e0 me le dire, je me ferai un plaisir d&rsquo;ajouter une petite carte.<\/p>\n","protected":false},"featured_media":2307,"comment_status":"open","ping_status":"closed","template":"","meta":{"_monsterinsights_skip_tracking":false,"_monsterinsights_sitenote_active":false,"_monsterinsights_sitenote_note":"","_monsterinsights_sitenote_category":0},"product_brand":[],"product_cat":[16,46,50],"product_tag":[],"class_list":{"0":"post-2300","1":"product","2":"type-product","3":"status-publish","4":"has-post-thumbnail","6":"product_cat-bijoux-femmes-bracelets","7":"product_cat-bijoux-femmes","8":"product_cat-nouveautes","10":"first","11":"outofstock","12":"shipping-taxable","13":"purchasable","14":"product-type-simple"},"aioseo_notices":[],"_links":{"self":[{"href":"https:\/\/byviannie.com\/index.php?rest_route=\/wp\/v2\/product\/2300","targetHints":{"allow":["GET"]}}],"collection":[{"href":"https:\/\/byviannie.com\/index.php?rest_route=\/wp\/v2\/product"}],"about":[{"href":"https:\/\/byviannie.com\/index.php?rest_route=\/wp\/v2\/types\/product"}],"replies":[{"embeddable":true,"href":"https:\/\/byviannie.com\/index.php?rest_route=%2Fwp%2Fv2%2Fcomments&post=2300"}],"wp:featuredmedia":[{"embeddable":true,"href":"https:\/\/byviannie.com\/index.php?rest_route=\/wp\/v2\/media\/2307"}],"wp:attachment":[{"href":"https:\/\/byviannie.com\/index.php?rest_route=%2Fwp%2Fv2%2Fmedia&parent=2300"}],"wp:term":[{"taxonomy":"product_brand","embeddable":true,"href":"https:\/\/byviannie.com\/index.php?rest_route=%2Fwp%2Fv2%2Fproduct_brand&post=2300"},{"taxonomy":"product_cat","embeddable":true,"href":"https:\/\/byviannie.com\/index.php?rest_route=%2Fwp%2Fv2%2Fproduct_cat&post=2300"},{"taxonomy":"product_tag","embeddable":true,"href":"https:\/\/byviannie.com\/index.php?rest_route=%2Fwp%2Fv2%2Fproduct_tag&post=2300"}],"curies":[{"name":"wp","href":"https:\/\/api.w.org\/{rel}","templated":true}]}}