{"id":2246,"date":"2022-09-18T17:19:03","date_gmt":"2022-09-18T15:19:03","guid":{"rendered":"https:\/\/byviannie.com\/?post_type=product&#038;p=2246"},"modified":"2025-05-13T17:17:03","modified_gmt":"2025-05-13T15:17:03","slug":"colliers-fleurs-de-naissance-hailey","status":"publish","type":"product","link":"https:\/\/byviannie.com\/?product=colliers-fleurs-de-naissance-hailey","title":{"rendered":"Colliers fleurs de naissance Hailey"},"content":{"rendered":"<p>Collier fleurs de naissance Hailey cr\u00e9ation artisanale:<\/p>\n<p>\u25b6Colliers fleurs de naissance, f\u00e9minins, et \u00e9l\u00e9gants, id\u00e9ales pour un anniversaire, bapt\u00eame, mariage, etc.<\/p>\n<p>Mat\u00e9riel:<\/p>\n<p>M\u00e9daillon ovale de forme irr\u00e9guli\u00e8re de taille 18mm*11mm, grav\u00e9s au laser<br \/>\nchaine c\u00e2ble de 40cm + &amp; extension de 5cm<br \/>\nmat\u00e9riau: plaqu\u00e9 or 18k acier inoxydable 316L<br \/>\npoids: 3g<\/p>\n<p>La fleur de naissance est une tradition qui nous vient de l\u2019Antiquit\u00e9 et qui consiste \u00e0 associer chaque mois lunaire (intervalle entre deux lunes) avec une fleur. Selon la culture et le climat, certains mois lunaires peuvent \u00eatre associ\u00e9s \u00e0 deux ou trois fleurs diff\u00e9rentes. Dans tous les cas, la fleur est repr\u00e9sentative du mois avec lequel elle est associ\u00e9e.<\/p>\n<p>Janvier : L\u2019\u0153illet<br \/>\nLa fleur de naissance pour le mois de janvier est l\u2019\u0153illet. Quelqu\u2019un d\u2019associ\u00e9 \u00e0 cette fleur sera d\u00e9peint comme fi\u00e8re et romantique. Les \u0153illets sont tr\u00e8s appr\u00e9ci\u00e9s en bouquet et ont une bonne tenue en vase ce qui en fait un cadeau tr\u00e8s populaire. En outre, les \u0153illets existent en plusieurs couleurs, toutes avec une signification diff\u00e9rente. Les \u0153illets rouges expriment l\u2019amour et le d\u00e9sir tandis que les \u0153illets roses indiquent que l\u2019exp\u00e9diteur ne vous oubliera jamais.<\/p>\n<p>Dans la plupart des cas, offrir des \u0153illets est synonyme d\u2019amour et de tendresse. C\u2019est une tr\u00e8s belle fleur \u00e0 offrir pour exprimer des sentiments d\u00e9licats.<\/p>\n<p>F\u00e9vrier : L\u2019iris<br \/>\nSignifiant \u201carc-en-ciel\u201d en grec, l\u2019iris exprime la beaut\u00e9. C\u2019est une fleur souvent associ\u00e9e \u00e0 la sagesse et au pouvoir. Elle symbolise la fid\u00e9lit\u00e9, la loyaut\u00e9 et l\u2019humilit\u00e9. Une personne n\u00e9e au mois de f\u00e9vrier est quelqu\u2019un de courageux, sage et admirable.<\/p>\n<p>Mars : La jonquille<br \/>\nLe mois de mars est repr\u00e9sent\u00e9 par la jonquille ou par le narcisse. Ces deux fleurs sont en r\u00e9alit\u00e9 de la m\u00eame esp\u00e8ce, la jonquille \u00e9tant une esp\u00e8ce pr\u00e9cise de narcisse. Lorsqu\u2019on associe le mois de mars \u00e0 une fleur, l\u2019une ou l\u2019autre de ces fleurs est propos\u00e9e. La jonquille est fortement associ\u00e9e au printemps, au renouveau et au retour des beaux jours. On l\u2019associe au bonheur et \u00e0 la prosp\u00e9rit\u00e9.<\/p>\n<p>Une personne associ\u00e9e \u00e0 la jonquille sera plut\u00f4t quelqu\u2019un de joyeux et dont l\u2019enthousiasme est communicatif.<\/p>\n<p>Si vous souhaitez l\u2019offrir, sachez qu\u2019il vaut mieux l\u2019offrir en bouquet. En effet, une jonquille pr\u00e9sent\u00e9e seule est un symbole de malheur.<\/p>\n<p>Avril : Le pois de senteur ou la marguerite<br \/>\nAvril est souvent associ\u00e9 au pois de senteur ou \u00e0 la marguerite. Ces deux fleurs ne signifient pas exactement la m\u00eame chose. Le pois symbolise la modestie, la simplicit\u00e9 et le souvenir tandis que la marguerite exprime la puret\u00e9 et l\u2019innocence en raison de son c\u00f4t\u00e9 \u00e9vocateur \u00e0 l\u2019enfance.<\/p>\n<p>Mai : Le lys<br \/>\nRoi des fleurs, le lys repr\u00e9sente la renaissance, la puret\u00e9 et la majest\u00e9. Associ\u00e9 \u00e0 la Vierge Marie et \u00e0 la f\u00e9condit\u00e9, c\u2019est une fleur \u00e0 l\u2019histoire et \u00e0 la symbolique riche. Le lys existe dans de nombreuses couleurs, chacune avec sa signification. Cela fait du lys un choix id\u00e9al de cadeau \u00e0 offrir.<\/p>\n<p>\u00catre n\u00e9(e) en mai peut signifier que vous \u00eates quelqu\u2019un de digne et d\u2019admirable.<\/p>\n<p>Juin : La rose<br \/>\nSi le lys est le roi des fleurs, alors la rose en est la reine. C\u2019est la fleur traditionnelle de l\u2019amour et de la passion. Elle se d\u00e9cline en de nombreuses couleurs : le rouge et le rose sous souvent associ\u00e9s \u00e0 l\u2019amour, l\u2019orange au d\u00e9sir ou \u00e0 l\u2019amour secret, le jaune \u00e0 l\u2019amour maternelle ou \u00e0 la trahison et le blanc est symbole de puret\u00e9 et d\u2019innocence.<\/p>\n<p>Une personne associ\u00e9e \u00e0 la rose est souvent quelqu\u2019un de sensible qui aime passionn\u00e9ment.<\/p>\n<p>Juillet : Le pied d\u2019alouette<br \/>\nLe pied d\u2019alouette de juillet est une fleurs d\u00e9licates aux couleurs vives. Elles \u00e9voquent l\u2019id\u00e9e d\u2019un c\u0153ur ouvert, la bienveillance ou l\u2019attraction. Elles existent en plusieurs couleurs mais la plus populaire est le violet, associ\u00e9 \u00e0 la douceur.<\/p>\n<p>Si le pied d\u2019alouette est votre fleur de naissance, vous \u00eates alors une personne qui prot\u00e8ge les autres et qui aime apporter la joie autour de vous.<\/p>\n<p>Ao\u00fbt : Le gla\u00efeul<br \/>\nSymbole de victoire dans l\u2019Antiquit\u00e9, le gla\u00efeul d\u00e9peint une personne h\u00e9ro\u00efque et ambitieuse. Elles doivent leur nom \u00e0 leur forme d\u2019\u00e9p\u00e9e (en latin \u201cgladius pour \u201cglaive\u201d ou \u201c\u00e9p\u00e9e\u201d).<\/p>\n<p>Les natifs du mois d\u2019ao\u00fbt ont g\u00e9n\u00e9ralement une grande force de caract\u00e8re. A offrir cependant, ces fleurs repr\u00e9sentent le premier amour et l\u2019attraction.<\/p>\n<p>Septembre : L\u2019aster<br \/>\nFleur champ\u00eatre et gaie qui fleurit avec l\u2019arriv\u00e9e de l\u2019automne, l\u2019aster signifie l\u2019amour, la foi et la sagesse.<\/p>\n<p>S\u2019il s\u2019agit de votre fleur de naissance, alors vous \u00eates une personne digne de confiance, respectueuse de ses engagements et sensible.<\/p>\n<p>Octobre : Le souci<br \/>\nFleur du chagrin et du d\u00e9sespoir malgr\u00e9 leur couleur orange, vif et gai, le souci est souvent associ\u00e9 \u00e0 la tristesse et la sympathie, parfois aussi \u00e0 la cr\u00e9ativit\u00e9 mais aussi \u00e0 la pers\u00e9v\u00e9rance.<\/p>\n<p>Si vous \u00eates n\u00e9 au mois d\u2019octobre, vous \u00eates certainement quelqu\u2019un de volontaire, pr\u00eat \u00e0 tout pour vous am\u00e9liorer.<\/p>\n<p>Novembre : Le chrysanth\u00e8me<br \/>\nFleur de la Toussaint aux couleurs joyeuses, elle symbolise l\u2019amour maternel, la gaiet\u00e9 et l\u2019\u00e9ternit\u00e9. Elle est utilis\u00e9e pour honorer nos disparus. Offrir des chrysanth\u00e8mes signifie que leur destinataire est un ami merveilleux.<\/p>\n<p>Vous \u00eates natif du mois de novembre ? Alors vous \u00eates une personne chaleureuse et enthousiaste pour qui la loyaut\u00e9 est une vertu importante.<\/p>\n<p>D\u00e9cembre : Le houx<br \/>\nLe mois de d\u00e9cembre \u00e0 trois fleurs de naissance selon le pays et les sources. Le houx et le narcisse Paperwhite et le poinsettia aux Etats-Unis. Le houx est une plante sacr\u00e9e chez les celtes et un signe de porte bonheur pour les romains. C\u2019est une plante d\u2019hiver robuste qui reste vive toute la saison. On l\u2019assimile \u00e0 la r\u00e9silience et la protection.<\/p>\n<p>\u25b6Tous les bijoux r\u00e9pertori\u00e9s dans la boutique sont pr\u00eats \u00e0 \u00eatre exp\u00e9di\u00e9s. Votre commande vous sera envoy\u00e9e dans un joli pochon, puis dans une bo\u00eete, afin que cette derni\u00e8re ne s&rsquo;ab\u00eeme lors du transport. Afin d&rsquo;\u00e9viter tout probl\u00e8me d&rsquo;exp\u00e9dition \u00e0 l&rsquo;international, tous les envois se font avec un suivi<\/p>\n<p>\u25b6 Ces colliers sont faits \u00e0 la main avec des mat\u00e9riaux de haute qualit\u00e9. Ils ne craignent pas l&rsquo;eau, et peuvent \u00eatre port\u00e9s durant vos activit\u00e9s du quotidien<\/p>\n<p>\u25b6 Toutes mes cr\u00e9ations sont faites de mani\u00e8re artisanale par moi-m\u00eame . Il est donc possible que de tous petits d\u00e9fauts esth\u00e9tiques soient visibles. Ceci \u00e9tant dit, je fais tout mon possible pour vous pr\u00e9senter des pi\u00e8ces de qualit\u00e9. Si vous souhaitez personnaliser une cr\u00e9ation en particulier, n\u2019h\u00e9sitez pas \u00e0 me contacter.<\/p>\n<p>\u26a0\ufe0fVeuillez noter que les photos sont agrandies pour montrer la qualit\u00e9 et les d\u00e9tails, alors v\u00e9rifiez soigneusement la description et les dimensions avant de commander.<\/p>\n<p>? D\u00c9LAI DE LIVRAISON<br \/>\nLa livraison prend 1 \u00e0 3 jours pour la Suisse, 5 \u00e0 10 jours pour l\u2019Europe, et 15 \u00e0 30 jours pour le reste du monde.<\/p>\n<p>? ID\u00c9E CADEAU<br \/>\nVous souhaitez offrir ? N&rsquo;h\u00e9sitez pas \u00e0 me le dire, je me ferai un plaisir d&rsquo;ajouter une petite carte.<\/p>\n","protected":false},"excerpt":{"rendered":"<p>Collier fleurs de naissance Hailey cr\u00e9ation artisanale:<\/p>\n<p>\u25b6Colliers fleurs de naissance, f\u00e9minins, et \u00e9l\u00e9gants, id\u00e9ales pour un anniversaire, bapt\u00eame, mariage, etc.<\/p>\n<p>Mat\u00e9riel:<\/p>\n<p>M\u00e9daillon ovale de forme irr\u00e9guli\u00e8re de taille 18mm*11mm, grav\u00e9s au laser<br \/>\nchaine c\u00e2ble de 40cm +\u00a0 extension de 5cm<br \/>\nmat\u00e9riau: plaqu\u00e9 or 18k acier inoxydable 316L<br \/>\npoids: 3g<\/p>\n<p>La fleur de naissance est une tradition qui nous vient de l\u2019Antiquit\u00e9 et qui consiste \u00e0 associer chaque mois lunaire (intervalle entre deux lunes) avec une fleur. Selon la culture et le climat, certains mois lunaires peuvent \u00eatre associ\u00e9s \u00e0 deux ou trois fleurs diff\u00e9rentes. Dans tous les cas, la fleur est repr\u00e9sentative du mois avec lequel elle est associ\u00e9e.<\/p>\n","protected":false},"featured_media":2255,"comment_status":"open","ping_status":"closed","template":"","meta":{"_monsterinsights_skip_tracking":false,"_monsterinsights_sitenote_active":false,"_monsterinsights_sitenote_note":"","_monsterinsights_sitenote_category":0},"product_brand":[],"product_cat":[41,47,46],"product_tag":[],"class_list":{"0":"post-2246","1":"product","2":"type-product","3":"status-publish","4":"has-post-thumbnail","6":"product_cat-bijoux-femme-colliers","7":"product_cat-bijoux-enfants","8":"product_cat-bijoux-femmes","10":"first","11":"outofstock","12":"shipping-taxable","13":"purchasable","14":"product-type-variable"},"aioseo_notices":[],"_links":{"self":[{"href":"https:\/\/byviannie.com\/index.php?rest_route=\/wp\/v2\/product\/2246","targetHints":{"allow":["GET"]}}],"collection":[{"href":"https:\/\/byviannie.com\/index.php?rest_route=\/wp\/v2\/product"}],"about":[{"href":"https:\/\/byviannie.com\/index.php?rest_route=\/wp\/v2\/types\/product"}],"replies":[{"embeddable":true,"href":"https:\/\/byviannie.com\/index.php?rest_route=%2Fwp%2Fv2%2Fcomments&post=2246"}],"wp:featuredmedia":[{"embeddable":true,"href":"https:\/\/byviannie.com\/index.php?rest_route=\/wp\/v2\/media\/2255"}],"wp:attachment":[{"href":"https:\/\/byviannie.com\/index.php?rest_route=%2Fwp%2Fv2%2Fmedia&parent=2246"}],"wp:term":[{"taxonomy":"product_brand","embeddable":true,"href":"https:\/\/byviannie.com\/index.php?rest_route=%2Fwp%2Fv2%2Fproduct_brand&post=2246"},{"taxonomy":"product_cat","embeddable":true,"href":"https:\/\/byviannie.com\/index.php?rest_route=%2Fwp%2Fv2%2Fproduct_cat&post=2246"},{"taxonomy":"product_tag","embeddable":true,"href":"https:\/\/byviannie.com\/index.php?rest_route=%2Fwp%2Fv2%2Fproduct_tag&post=2246"}],"curies":[{"name":"wp","href":"https:\/\/api.w.org\/{rel}","templated":true}]}}