{"id":2144,"date":"2022-07-04T11:23:27","date_gmt":"2022-07-04T09:23:27","guid":{"rendered":"https:\/\/byviannie.com\/?post_type=product&#038;p=2144"},"modified":"2025-05-13T14:37:25","modified_gmt":"2025-05-13T12:37:25","slug":"boucles-doreilles-drew","status":"publish","type":"product","link":"https:\/\/byviannie.com\/?product=boucles-doreilles-drew","title":{"rendered":"Boucles d\u2019oreilles Drew &#8211; Id\u00e9e cadeau"},"content":{"rendered":"<p>\u25b6Tous les bijoux r\u00e9pertori\u00e9s dans la boutique sont pr\u00eats \u00e0 \u00eatre exp\u00e9di\u00e9s. Votre commande vous sera envoy\u00e9e dans un joli pochon, puis dans une bo\u00eete, afin que cette derni\u00e8re ne s&rsquo;ab\u00eeme lors du transport. Afin d&rsquo;\u00e9viter tout probl\u00e8me d&rsquo;exp\u00e9dition \u00e0 l&rsquo;international, tous les envois se font avec un suivi<\/p>\n<p>\u25b6 Ces BO sont faites \u00e0 la main avec des mat\u00e9riaux de haute qualit\u00e9, pour s\u2019assurer qu&rsquo;elles durent le plus longtemps possible, je vous conseille d&rsquo;\u00e9viter de les mettre au contact de l\u2019eau, des parfums et autres cr\u00e8mes au risque de l\u2019ab\u00eemer. Vous pouvez \u00e9galement les conserver dans leur pochon afin d\u2019\u00e9viter tout risque d\u2019oxydation.<\/p>\n<p>\u25b6 Toutes mes cr\u00e9ations sont faites de mani\u00e8re artisanale par moi-m\u00eame . Il est donc possible que de tous petits d\u00e9fauts esth\u00e9tiques soient visibles. Ceci \u00e9tant dit, je fais tout mon possible pour vous pr\u00e9senter des pi\u00e8ces de qualit\u00e9. Si vous souhaitez personnaliser une cr\u00e9ation en particulier, n\u2019h\u00e9sitez pas \u00e0 me contacter.<\/p>\n<p>\u26a0\ufe0fVeuillez noter que certaines photos sont agrandies pour montrer la qualit\u00e9 et les d\u00e9tails, alors v\u00e9rifiez soigneusement la description et les dimensions avant de commander.<\/p>\n<p>? D\u00c9LAI DE LIVRAISON<br \/>\nLa livraison prend 1 \u00e0 3 jours pour la Suisse, 5 \u00e0 10 jours pour l\u2019Europe, et 15 \u00e0 30 jours pour le reste du monde.<\/p>\n<p>? ID\u00c9E CADEAU<br \/>\nVous souhaitez offrir ? N&rsquo;h\u00e9sitez pas \u00e0 me le dire, je me ferai un plaisir d&rsquo;ajouter une petite carte.<\/p>\n<p>\u2728 LIEN DU SHOP<br \/>\n<a href=\"https:\/\/www.etsy.com\/fr\/shop\/lesperlesdeviannie?ref=seller-platform-mcnav\" target=\"_blank\" rel=\"noopener\">https:\/\/www.etsy.com\/fr\/shop\/lesperlesdeviannie?ref=seller-platform-mcnav<\/a><\/p>\n","protected":false},"excerpt":{"rendered":"<p>Boucles d\u2019oreilles Drew cr\u00e9ation artisanale:<\/p>\n<p>\u25b6Boucles d&rsquo;oreilles f\u00e9minines, \u00e9l\u00e9gantes, discr\u00e8tes et minimalistes id\u00e9al pour un anniversaire, bapt\u00eame, mariage, etc.<\/p>\n<p>\u25b66 perles de corail de forme cylindrique de couleur rouge de 4mm*7mm<\/p>\n<p>\u25b6Perles d&rsquo;eau douce de taille et forme diff\u00e9rentes mont\u00e9es sur un clou de 0.42mm de diam\u00e8tre ou gauge de 26 en gold filled 14K<\/p>\n<p>\u25b610 perles s\u00e9paratrices en gold filled de 2mm<\/p>\n<p>\u25b6La longueur totale des BO varie entre 4cm et 4.5cm<\/p>\n<p>\u2728 2 types de BO dont une paire avec un syst\u00e8me de boucle dormeuse d&rsquo;une longueur totale de 4cm et la 2de paire avec un syst\u00e8me de type crochet d&rsquo;une longueur totale de 4.5cm. Merci de faire votre choix dans le menu d\u00e9roulant.<\/p>\n","protected":false},"featured_media":2158,"comment_status":"open","ping_status":"closed","template":"","meta":{"_monsterinsights_skip_tracking":false,"_monsterinsights_sitenote_active":false,"_monsterinsights_sitenote_note":"","_monsterinsights_sitenote_category":0},"product_brand":[],"product_cat":[44],"product_tag":[],"class_list":{"0":"post-2144","1":"product","2":"type-product","3":"status-publish","4":"has-post-thumbnail","6":"product_cat-bijoux-femmes-boucles-doreilles","8":"first","9":"outofstock","10":"shipping-taxable","11":"purchasable","12":"product-type-variable"},"aioseo_notices":[],"_links":{"self":[{"href":"https:\/\/byviannie.com\/index.php?rest_route=\/wp\/v2\/product\/2144","targetHints":{"allow":["GET"]}}],"collection":[{"href":"https:\/\/byviannie.com\/index.php?rest_route=\/wp\/v2\/product"}],"about":[{"href":"https:\/\/byviannie.com\/index.php?rest_route=\/wp\/v2\/types\/product"}],"replies":[{"embeddable":true,"href":"https:\/\/byviannie.com\/index.php?rest_route=%2Fwp%2Fv2%2Fcomments&post=2144"}],"wp:featuredmedia":[{"embeddable":true,"href":"https:\/\/byviannie.com\/index.php?rest_route=\/wp\/v2\/media\/2158"}],"wp:attachment":[{"href":"https:\/\/byviannie.com\/index.php?rest_route=%2Fwp%2Fv2%2Fmedia&parent=2144"}],"wp:term":[{"taxonomy":"product_brand","embeddable":true,"href":"https:\/\/byviannie.com\/index.php?rest_route=%2Fwp%2Fv2%2Fproduct_brand&post=2144"},{"taxonomy":"product_cat","embeddable":true,"href":"https:\/\/byviannie.com\/index.php?rest_route=%2Fwp%2Fv2%2Fproduct_cat&post=2144"},{"taxonomy":"product_tag","embeddable":true,"href":"https:\/\/byviannie.com\/index.php?rest_route=%2Fwp%2Fv2%2Fproduct_tag&post=2144"}],"curies":[{"name":"wp","href":"https:\/\/api.w.org\/{rel}","templated":true}]}}