{"id":2086,"date":"2022-07-04T09:29:09","date_gmt":"2022-07-04T07:29:09","guid":{"rendered":"https:\/\/byviannie.com\/?post_type=product&#038;p=2086"},"modified":"2025-05-13T14:37:27","modified_gmt":"2025-05-13T12:37:27","slug":"boucles-doreilles-hanoi","status":"publish","type":"product","link":"https:\/\/byviannie.com\/?product=boucles-doreilles-hanoi","title":{"rendered":"Boucles d\u2019oreilles Hano\u00ef pour femme"},"content":{"rendered":"<p>Boucles d\u2019oreilles Hano\u00ef cr\u00e9ation artisanale:<\/p>\n<p>\u25b6Boucles d\u2019oreilles pendantes, f\u00e9minines, et \u00e9l\u00e9gantes, id\u00e9ales pour un anniversaire, bapt\u00eame, mariage, etc.<\/p>\n<p>\u25b64 petites perles d&rsquo;eau douce de forme et taille diff\u00e9rente. 2 perles sont mont\u00e9es sur un clou en gold filled de 0.32mm diam\u00e8tre ou 28 gauge en gold filled<\/p>\n<p>\u25b62 bouts de chaine de petite maille de 1.26mm et de 3cm chacun (en gold filled 14K)<\/p>\n<p>\u25b6Boucles puce plate en gold filled de taille 16mm*4mm sur lequel une petite perle a \u00e9t\u00e9 coll\u00e9e, le poussoir est \u00e9galement en gold filled .<\/p>\n<p>\u25b6De la colle pour bijoux Hasulith<\/p>\n<p>\u25b6La longueur totale de la boucle d&rsquo;oreille est de 45mm ou 4.5cm<\/p>\n<p>\u25b6Tous les bijoux r\u00e9pertori\u00e9s dans la boutique sont pr\u00eats \u00e0 \u00eatre exp\u00e9di\u00e9s. Votre commande vous sera envoy\u00e9e dans un joli pochon, puis dans une bo\u00eete, afin que cette derni\u00e8re ne s&rsquo;ab\u00eeme lors du transport. Afin d&rsquo;\u00e9viter tout probl\u00e8me d&rsquo;exp\u00e9dition \u00e0 l&rsquo;international, tous les envois se font avec un suivi<\/p>\n<p>\u25b6 Ces boucles d\u2019oreilles sont faites \u00e0 la main avec des mat\u00e9riaux de haute qualit\u00e9, pour s\u2019assurer qu\u2019elles durent le plus longtemps possible, je vous conseille d&rsquo;\u00e9viter de les mettre au contact de l\u2019eau, des parfums et autres cr\u00e8mes au risque de l\u2019ab\u00eemer. Vous pouvez \u00e9galement les conserver dans leur pochon afin d\u2019\u00e9viter tout risque d\u2019oxydation.<\/p>\n<p>\u25b6 Toutes mes cr\u00e9ations sont faites de mani\u00e8re artisanale par moi-m\u00eame . Il est donc possible que de tous petits d\u00e9fauts esth\u00e9tiques soient visibles. Ceci \u00e9tant dit, je fais tout mon possible pour vous pr\u00e9senter des pi\u00e8ces de qualit\u00e9. Si vous souhaitez personnaliser une cr\u00e9ation en particulier, n\u2019h\u00e9sitez pas \u00e0 me contacter.<\/p>\n<p>\u26a0\ufe0fVeuillez noter que les photos sont agrandies pour montrer la qualit\u00e9 et les d\u00e9tails, alors v\u00e9rifiez soigneusement la description et les dimensions avant de commander.<\/p>\n<p>? D\u00c9LAI DE LIVRAISON<br \/>\nLa livraison prend 1 \u00e0 3 jours pour la Suisse, 5 \u00e0 10 jours pour l\u2019Europe, et 15 \u00e0 30 jours pour le reste du monde.<\/p>\n<p>? ID\u00c9E CADEAU<br \/>\nVous souhaitez offrir ? N&rsquo;h\u00e9sitez pas \u00e0 me le dire, je me ferai un plaisir d&rsquo;ajouter une petite carte.<\/p>\n<p>\u2728 LIEN DU SHOP<br \/>\n<a href=\"https:\/\/www.etsy.com\/fr\/shop\/lesperlesdeviannie?ref=seller-platform-mcnav\" target=\"_blank\" rel=\"noopener\">https:\/\/www.etsy.com\/fr\/shop\/lesperlesdeviannie?ref=seller-platform-mcnav<\/a><\/p>\n","protected":false},"excerpt":{"rendered":"<p>Boucles d\u2019oreilles Hano\u00ef cr\u00e9ation artisanale:<\/p>\n<p>\u25b6Boucles d\u2019oreilles pendantes, f\u00e9minines, et \u00e9l\u00e9gantes, id\u00e9ales pour un anniversaire, bapt\u00eame, mariage, etc.<\/p>\n<p>\u25b64 petites perles d&rsquo;eau douce de forme et taille diff\u00e9rente. 2 perles sont mont\u00e9es sur un clou en gold filled de 0.32mm diam\u00e8tre ou 28 gauge en gold filled<\/p>\n<p>\u25b62 bouts de chaine de petite maille de 1.26mm et de 3cm chacun (en gold filled 14K)<\/p>\n<p>\u25b6Boucles puce plate en gold filled de taille 16mm*4mm sur lequel une petite perle a \u00e9t\u00e9 coll\u00e9e, le poussoir est \u00e9galement en gold filled .<\/p>\n<p>&nbsp;<\/p>\n","protected":false},"featured_media":2092,"comment_status":"open","ping_status":"closed","template":"","meta":{"_monsterinsights_skip_tracking":false,"_monsterinsights_sitenote_active":false,"_monsterinsights_sitenote_note":"","_monsterinsights_sitenote_category":0},"product_brand":[],"product_cat":[44],"product_tag":[],"class_list":{"0":"post-2086","1":"product","2":"type-product","3":"status-publish","4":"has-post-thumbnail","6":"product_cat-bijoux-femmes-boucles-doreilles","8":"first","9":"outofstock","10":"shipping-taxable","11":"purchasable","12":"product-type-simple"},"aioseo_notices":[],"_links":{"self":[{"href":"https:\/\/byviannie.com\/index.php?rest_route=\/wp\/v2\/product\/2086","targetHints":{"allow":["GET"]}}],"collection":[{"href":"https:\/\/byviannie.com\/index.php?rest_route=\/wp\/v2\/product"}],"about":[{"href":"https:\/\/byviannie.com\/index.php?rest_route=\/wp\/v2\/types\/product"}],"replies":[{"embeddable":true,"href":"https:\/\/byviannie.com\/index.php?rest_route=%2Fwp%2Fv2%2Fcomments&post=2086"}],"wp:featuredmedia":[{"embeddable":true,"href":"https:\/\/byviannie.com\/index.php?rest_route=\/wp\/v2\/media\/2092"}],"wp:attachment":[{"href":"https:\/\/byviannie.com\/index.php?rest_route=%2Fwp%2Fv2%2Fmedia&parent=2086"}],"wp:term":[{"taxonomy":"product_brand","embeddable":true,"href":"https:\/\/byviannie.com\/index.php?rest_route=%2Fwp%2Fv2%2Fproduct_brand&post=2086"},{"taxonomy":"product_cat","embeddable":true,"href":"https:\/\/byviannie.com\/index.php?rest_route=%2Fwp%2Fv2%2Fproduct_cat&post=2086"},{"taxonomy":"product_tag","embeddable":true,"href":"https:\/\/byviannie.com\/index.php?rest_route=%2Fwp%2Fv2%2Fproduct_tag&post=2086"}],"curies":[{"name":"wp","href":"https:\/\/api.w.org\/{rel}","templated":true}]}}