{"id":2058,"date":"2022-06-25T09:35:07","date_gmt":"2022-06-25T07:35:07","guid":{"rendered":"https:\/\/byviannie.com\/?post_type=product&#038;p=2058"},"modified":"2025-05-13T17:18:32","modified_gmt":"2025-05-13T15:18:32","slug":"ensemble-boucles-doreilles-et-collier-brownsweg","status":"publish","type":"product","link":"https:\/\/byviannie.com\/?product=ensemble-boucles-doreilles-et-collier-brownsweg","title":{"rendered":"Ensemble boucles d\u2019oreilles, collier Brownsweg"},"content":{"rendered":"<p>Ensemble boucles d\u2019oreilles et collier Brownsweg cr\u00e9ation artisanale:<\/p>\n<p>\u25b6Boucles d\u2019oreilles pendantes, f\u00e9minines, et \u00e9l\u00e9gantes, id\u00e9ales pour un anniversaire, bapt\u00eame, mariage, etc.<\/p>\n<p>\u25b62 petits m\u00e9daillons grav\u00e9s d&rsquo;une rose en laiton plaqu\u00e9 or 14K de 8.8mm*11.2mm et une \u00e9paisseur de 1.3mm avec un trou de 2.5mm<\/p>\n<p>\u25b62 bouts de cha\u00eene de 2mm*3+1 c\u00e2ble plat (lien long 0.35*5.8*2.0mm) + (0.35*2.6*2.0mm pour les trois maillons courts ) de 4 cm chacun<\/p>\n<p>\u25b6Boucles puce plate en en gold-filled de 4mm avec un poussoir en gold-filled \u00e9galement<\/p>\n<p>\u25b6La longueur totale de la boucle d&rsquo;oreille est de 60mm ou 6cm<\/p>\n<p>\u2728Pour le collier, ce dernier a \u00e9t\u00e9 cr\u00e9e avec les m\u00eames mat\u00e9riaux que les BO<\/p>\n<p>\u25b61 petit m\u00e9daillon grav\u00e9 d&rsquo;une rose en laiton plaqu\u00e9 or 14K de 8.8mm*11.2mm et une \u00e9paisseur de 1.3mm avec un trou de 2.5mm<\/p>\n<p>\u25b61 cha\u00eene de 2mm*3+1 c\u00e2ble plat (lien long 0.35*5.8*2.0mm) + (0.35*2.6*2.0mm pour les trois maillons courts ) de 41 cm.<\/p>\n<p>\u25b6La longueur totale du collier est de 435mm ou 43.5cm<\/p>\n<p>\u25b6Tous les bijoux r\u00e9pertori\u00e9s dans la boutique sont pr\u00eats \u00e0 \u00eatre exp\u00e9di\u00e9s. Votre commande vous sera envoy\u00e9e dans un joli pochon, puis dans une bo\u00eete, afin que cette derni\u00e8re ne s&rsquo;ab\u00eeme lors du transport. Afin d&rsquo;\u00e9viter tout probl\u00e8me d&rsquo;exp\u00e9dition \u00e0 l&rsquo;international, tous les envois se font avec un suivi<\/p>\n<p>\u25b6 Le collier et BO sont fait \u00e0 la main avec des mat\u00e9riaux de haute qualit\u00e9, pour s\u2019assurer qu\u2019ils durent le plus longtemps possible, je vous conseille d&rsquo;\u00e9viter de les mettre au contact de l\u2019eau, des parfums et autres cr\u00e8mes au risque de l\u2019ab\u00eemer. Vous pouvez \u00e9galement les conserver dans leur pochon afin d\u2019\u00e9viter tout risque d\u2019oxydation<\/p>\n<p>\u25b6 Toutes mes cr\u00e9ations sont faites de mani\u00e8re artisanale par moi-m\u00eame . Il est donc possible que de tous petits d\u00e9fauts esth\u00e9tiques soient visibles. Ceci \u00e9tant dit, je fais tout mon possible pour vous pr\u00e9senter des pi\u00e8ces de qualit\u00e9. Si vous souhaitez personnaliser une cr\u00e9ation en particulier, n\u2019h\u00e9sitez pas \u00e0 me contacter.<\/p>\n<p>\u26a0\ufe0fVeuillez noter que les photos sont agrandies pour montrer la qualit\u00e9 et les d\u00e9tails, alors v\u00e9rifiez soigneusement la description et les dimensions avant de commander.<\/p>\n<p>\u26a0\ufe0fTaxes de douane et d&rsquo;import<br \/>\nLes \u00e9ventuelles taxes de douane et d&rsquo;importation sont \u00e0 la charge des acheteurs. Je ne suis pas responsable des d\u00e9lais caus\u00e9s par la douane.<\/p>\n<p>? D\u00c9LAI DE LIVRAISON<br \/>\nLa livraison prend 1 \u00e0 3 jours pour la Suisse, 5 \u00e0 10 jours pour l\u2019Europe, et 15 \u00e0 30 jours pour le reste du monde.<\/p>\n<p>? ID\u00c9E CADEAU<br \/>\nVous souhaitez offrir ? N&rsquo;h\u00e9sitez pas \u00e0 me le dire, je me ferai un plaisir d&rsquo;ajouter une petite carte.<\/p>\n","protected":false},"excerpt":{"rendered":"<p>Ensemble boucles d\u2019oreilles et collier Brownsweg cr\u00e9ation artisanale:<\/p>\n<p>\u25b6Boucles d\u2019oreilles pendantes, f\u00e9minines, et \u00e9l\u00e9gantes, id\u00e9ales pour un anniversaire, bapt\u00eame, mariage, etc.<\/p>\n<p>\u25b62 petits m\u00e9daillons grav\u00e9s d&rsquo;une rose en laiton plaqu\u00e9 or 14K de 8.8mm*11.2mm et une \u00e9paisseur de 1.3mm avec un trou de 2.5mm<\/p>\n<p>\u25b62 bouts de cha\u00eene de 2mm*3+1 c\u00e2ble plat (lien long 0.35*5.8*2.0mm) + (0.35*2.6*2.0mm pour les trois maillons courts ) de 4 cm chacun<\/p>\n<p>\u25b6Boucles puce plate en en gold-filled de 4mm avec un poussoir en gold-filled \u00e9galement<\/p>\n<p>\u25b6La longueur totale de la boucle d&rsquo;oreille est de 60mm ou 6cm<\/p>\n<p>\u2728Pour le collier, ce dernier a \u00e9t\u00e9 cr\u00e9e avec les m\u00eames mat\u00e9riaux que les BO<\/p>\n<p>\u25b61 petit m\u00e9daillon grav\u00e9 d&rsquo;une rose en laiton plaqu\u00e9 or 14K de 8.8mm*11.2mm et une \u00e9paisseur de 1.3mm avec un trou de 2.5mm<\/p>\n<p>\u25b61 cha\u00eene de 2mm*3+1 c\u00e2ble plat (lien long 0.35*5.8*2.0mm) + (0.35*2.6*2.0mm pour les trois maillons courts ) de 41 cm.<\/p>\n<p>\u25b6La longueur totale du collier est de 435mm ou 43.5cm<\/p>\n","protected":false},"featured_media":2073,"comment_status":"open","ping_status":"closed","template":"","meta":{"_monsterinsights_skip_tracking":false,"_monsterinsights_sitenote_active":false,"_monsterinsights_sitenote_note":"","_monsterinsights_sitenote_category":0},"product_brand":[],"product_cat":[44,41],"product_tag":[],"class_list":{"0":"post-2058","1":"product","2":"type-product","3":"status-publish","4":"has-post-thumbnail","6":"product_cat-bijoux-femmes-boucles-doreilles","7":"product_cat-bijoux-femme-colliers","9":"first","10":"outofstock","11":"shipping-taxable","12":"purchasable","13":"product-type-variable"},"aioseo_notices":[],"_links":{"self":[{"href":"https:\/\/byviannie.com\/index.php?rest_route=\/wp\/v2\/product\/2058","targetHints":{"allow":["GET"]}}],"collection":[{"href":"https:\/\/byviannie.com\/index.php?rest_route=\/wp\/v2\/product"}],"about":[{"href":"https:\/\/byviannie.com\/index.php?rest_route=\/wp\/v2\/types\/product"}],"replies":[{"embeddable":true,"href":"https:\/\/byviannie.com\/index.php?rest_route=%2Fwp%2Fv2%2Fcomments&post=2058"}],"wp:featuredmedia":[{"embeddable":true,"href":"https:\/\/byviannie.com\/index.php?rest_route=\/wp\/v2\/media\/2073"}],"wp:attachment":[{"href":"https:\/\/byviannie.com\/index.php?rest_route=%2Fwp%2Fv2%2Fmedia&parent=2058"}],"wp:term":[{"taxonomy":"product_brand","embeddable":true,"href":"https:\/\/byviannie.com\/index.php?rest_route=%2Fwp%2Fv2%2Fproduct_brand&post=2058"},{"taxonomy":"product_cat","embeddable":true,"href":"https:\/\/byviannie.com\/index.php?rest_route=%2Fwp%2Fv2%2Fproduct_cat&post=2058"},{"taxonomy":"product_tag","embeddable":true,"href":"https:\/\/byviannie.com\/index.php?rest_route=%2Fwp%2Fv2%2Fproduct_tag&post=2058"}],"curies":[{"name":"wp","href":"https:\/\/api.w.org\/{rel}","templated":true}]}}