{"id":1997,"date":"2022-06-25T08:07:00","date_gmt":"2022-06-25T06:07:00","guid":{"rendered":"https:\/\/byviannie.com\/?post_type=product&#038;p=1997"},"modified":"2025-05-13T17:19:58","modified_gmt":"2025-05-13T15:19:58","slug":"ensemble-bo-et-collier-tallinn","status":"publish","type":"product","link":"https:\/\/byviannie.com\/?product=ensemble-bo-et-collier-tallinn","title":{"rendered":"Ensemble boucles d&rsquo;oreilles et Collier Tallinn"},"content":{"rendered":"<p>Ensemble BO et Collier Tallinn cr\u00e9ation artisanale:<\/p>\n<p>\u25b6Collier f\u00e9minin, \u00e9l\u00e9gant, discret et minimaliste id\u00e9ale pour un anniversaire, bapt\u00eame, mariage, etc.<\/p>\n<p>\u25b61 petite perle de 2-3mm mont\u00e9e sur un clou de 0.32mm de diam\u00e8tre ou gauge de 28 en gold filled 14K, accroch\u00e9e \u00e0 un fermoir en gold filled \u00e9galement de 10 mm<\/p>\n<p>\u25b61 chaine de petite maille de 1.26mm et de 49cm (en gold filled 14K)<\/p>\n<p>\u25b61 fermoir roue \u00e0 ressort de 5mm de diam\u00e8tre environ en gold filled<\/p>\n<p>\u25b6La longueur totale du collier avec fermoirs est de 51.5cm<\/p>\n<p>\u2728Pour les boucles d&rsquo;oreilles les mat\u00e9riaux sont identiques \u00e0 ceux utilis\u00e9s pour le collier<\/p>\n<p>\u25b62 petites perles de 2-3mm mont\u00e9e sur un clou de 0.32mm de diam\u00e8tre ou gauge de 28 en gold filled 14K, accroch\u00e9e \u00e0 un fermoir en gold filled \u00e9galement de 10 mm<\/p>\n<p>\u25b62 bouts de chaine de petite maille de 1.26mm et de 3cm chacun (en gold filled 14K)<\/p>\n<p>\u25b6Boucles puce plate en en gold-filled de 4mm avec un poussoir en gold-filled \u00e9galement<\/p>\n<p>\u25b6La longueur totale des BO est de 50mm ou 5cm<\/p>\n<p>\u25b6Ce collier et BO peuvent \u00eatre port\u00e9s non seulement par les adultes, mais \u00e9galement par de jeunes ados. Ce bijou ne devrait pas \u00eatre laiss\u00e9 \u00e0 la port\u00e9e des plus petits car, il y a un risque d&rsquo;\u00e9touffement.<\/p>\n<p>\u25b6Tous les bijoux r\u00e9pertori\u00e9s dans la boutique sont pr\u00eats \u00e0 \u00eatre exp\u00e9di\u00e9s. Votre commande vous sera envoy\u00e9e dans un joli pochon, puis dans une bo\u00eete, afin que cette derni\u00e8re ne s&rsquo;ab\u00eeme lors du transport. Afin d&rsquo;\u00e9viter tout probl\u00e8me d&rsquo;exp\u00e9dition \u00e0 l&rsquo;international, tous les envois se font avec un suivi<\/p>\n<p>\u25b6 Le collier et BO sont fait \u00e0 la main avec des mat\u00e9riaux de haute qualit\u00e9, pour s\u2019assurer qu\u2019ils durent le plus longtemps possible, je vous conseille d&rsquo;\u00e9viter de les mettre au contact de l\u2019eau, des parfums et autres cr\u00e8mes au risque de l\u2019ab\u00eemer. Vous pouvez \u00e9galement les conserver dans leur pochon afin d\u2019\u00e9viter tout risque d\u2019oxydation<\/p>\n<p>\u25b6 Toutes mes cr\u00e9ations sont faites de mani\u00e8re artisanale par moi-m\u00eame . Il est donc possible que de tous petits d\u00e9fauts esth\u00e9tiques soient visibles. Ceci \u00e9tant dit, je fais tout mon possible pour vous pr\u00e9senter des pi\u00e8ces de qualit\u00e9. Si vous souhaitez personnaliser une cr\u00e9ation en particulier, n\u2019h\u00e9sitez pas \u00e0 me contacter.<\/p>\n<p>\u26a0\ufe0fVeuillez noter que certaines photos sont agrandies pour montrer la qualit\u00e9 et les d\u00e9tails, alors v\u00e9rifiez soigneusement la description et les dimensions avant de commander.<\/p>\n<p>? D\u00c9LAI DE LIVRAISON<br \/>\nLa livraison prend 1 \u00e0 3 jours pour la Suisse, 5 \u00e0 10 jours pour l\u2019Europe, et 15 \u00e0 30 jours pour le reste du monde.<\/p>\n<p>? ID\u00c9E CADEAU<br \/>\nVous souhaitez offrir ? N&rsquo;h\u00e9sitez pas \u00e0 me le dire, je me ferai un plaisir d&rsquo;ajouter une petite carte.<\/p>\n<p>\u2728 LIEN DU SHOP<br \/>\nhttps:\/\/www.etsy.com\/fr\/shop\/lesperlesdeviannie?ref=seller-platform-mcnav<\/p>\n","protected":false},"excerpt":{"rendered":"<p>Ensemble BO et Collier Tallinn cr\u00e9ation artisanale:<\/p>\n<p>\u25b6Collier f\u00e9minin, \u00e9l\u00e9gant, discret et minimaliste id\u00e9ale pour un anniversaire, bapt\u00eame, mariage, etc.<\/p>\n<p>\u25b61 petite perle de 2-3mm mont\u00e9e sur un clou de 0.32mm de diam\u00e8tre ou gauge de 28 en gold filled 14K, accroch\u00e9e \u00e0 un fermoir en gold filled \u00e9galement de 10 mm<\/p>\n<p>\u25b61 chaine de petite maille de 1.26mm et de 49cm (en gold filled 14K)<\/p>\n<p>\u25b61 fermoir roue \u00e0 ressort de 5mm de diam\u00e8tre environ en gold filled<\/p>\n<p>\u25b6La longueur totale du collier avec fermoirs est de 51.5cm<\/p>\n","protected":false},"featured_media":2001,"comment_status":"open","ping_status":"closed","template":"","meta":{"_monsterinsights_skip_tracking":false,"_monsterinsights_sitenote_active":false,"_monsterinsights_sitenote_note":"","_monsterinsights_sitenote_category":0},"product_brand":[],"product_cat":[44,41],"product_tag":[],"class_list":{"0":"post-1997","1":"product","2":"type-product","3":"status-publish","4":"has-post-thumbnail","6":"product_cat-bijoux-femmes-boucles-doreilles","7":"product_cat-bijoux-femme-colliers","9":"first","10":"outofstock","11":"shipping-taxable","12":"purchasable","13":"product-type-variable","14":"has-default-attributes"},"aioseo_notices":[],"_links":{"self":[{"href":"https:\/\/byviannie.com\/index.php?rest_route=\/wp\/v2\/product\/1997","targetHints":{"allow":["GET"]}}],"collection":[{"href":"https:\/\/byviannie.com\/index.php?rest_route=\/wp\/v2\/product"}],"about":[{"href":"https:\/\/byviannie.com\/index.php?rest_route=\/wp\/v2\/types\/product"}],"replies":[{"embeddable":true,"href":"https:\/\/byviannie.com\/index.php?rest_route=%2Fwp%2Fv2%2Fcomments&post=1997"}],"wp:featuredmedia":[{"embeddable":true,"href":"https:\/\/byviannie.com\/index.php?rest_route=\/wp\/v2\/media\/2001"}],"wp:attachment":[{"href":"https:\/\/byviannie.com\/index.php?rest_route=%2Fwp%2Fv2%2Fmedia&parent=1997"}],"wp:term":[{"taxonomy":"product_brand","embeddable":true,"href":"https:\/\/byviannie.com\/index.php?rest_route=%2Fwp%2Fv2%2Fproduct_brand&post=1997"},{"taxonomy":"product_cat","embeddable":true,"href":"https:\/\/byviannie.com\/index.php?rest_route=%2Fwp%2Fv2%2Fproduct_cat&post=1997"},{"taxonomy":"product_tag","embeddable":true,"href":"https:\/\/byviannie.com\/index.php?rest_route=%2Fwp%2Fv2%2Fproduct_tag&post=1997"}],"curies":[{"name":"wp","href":"https:\/\/api.w.org\/{rel}","templated":true}]}}