{"id":1702,"date":"2022-04-20T08:46:20","date_gmt":"2022-04-20T06:46:20","guid":{"rendered":"https:\/\/byviannie.com\/?post_type=product&#038;p=1702"},"modified":"2023-02-04T15:12:20","modified_gmt":"2023-02-04T14:12:20","slug":"boucles-doreilles-massaya","status":"publish","type":"product","link":"https:\/\/byviannie.com\/?product=boucles-doreilles-massaya","title":{"rendered":"Boucles d\u2019oreilles Massaya cr\u00e9ation artisanale"},"content":{"rendered":"<p>Livraison: Votre bijou sign\u00e9 les perles de Viannie vous sera livr\u00e9 dans un joli pochon. Votre commande sera ensuite remise \u00e0 la poste dans une enveloppe \u00e0 bulle et en courrier avec suivi pour les clients internationaux afin d\u2019\u00e9viter toute mauvaise surprise !<\/p>\n<p>Conseils d\u2019entretien: Afin de profiter de votre bijou le plus longtemps possible, je vous conseille d\u2019\u00e9viter de le mettre au contact de l\u2019eau, des parfums et autres cr\u00e8mes au risque de l\u2019ab\u00eemer. N\u2019h\u00e9sitez pas \u00e0 enlever votre bijou avant de vous laver les mains, de faire du sport ainsi que pour dormir. Vous pouvez \u00e9galement le conserver dans son pochon afin d\u2019\u00e9viter tout risque d\u2019oxydation.<\/p>\n<p>Toutes mes cr\u00e9ations sont faites de mani\u00e8re artisanale. Il est donc possible que de tous petits d\u00e9fauts esth\u00e9tiques soient visibles. Ceci \u00e9tant dit, je fais tout mon possible pour vous pr\u00e9senter des pi\u00e8ces de qualit\u00e9. Si vous souhaitez personnaliser une cr\u00e9ation en particulier, n\u2019h\u00e9sitez pas \u00e0 me contacter.<\/p>\n","protected":false},"excerpt":{"rendered":"<p>Boucles d\u2019oreilles Massaya cr\u00e9ation artisanale:<\/p>\n<p><em><strong>Composition:<\/strong><\/em><\/p>\n<p>2 petites perles d&rsquo;eau douce de forme et taille diff\u00e9rente originaire d&rsquo;Asie. Les perles sont mont\u00e9es sur un clou en or rempli 14K \u00e9galement<\/p>\n<p>4 bouts de chaine de maille moyenne de 2cm chacun (en or rempli 14K).<\/p>\n<p>Boucles puce plate en or rempli 14k de 4mm avec un poussoir \u00e9galement en or rempli 14K<\/p>\n<p>La longueur totale de la boucle d&rsquo;oreille est de 60mm ou 6cm<\/p>\n<p>La longueur de la boucle d&rsquo;oreille une fois ferm\u00e9e est d&rsquo;environ 30mm ou 3cm<\/p>\n","protected":false},"featured_media":1707,"comment_status":"open","ping_status":"closed","template":"","meta":{"_monsterinsights_skip_tracking":false,"_monsterinsights_sitenote_active":false,"_monsterinsights_sitenote_note":"","_monsterinsights_sitenote_category":0},"product_brand":[],"product_cat":[44],"product_tag":[],"class_list":{"0":"post-1702","1":"product","2":"type-product","3":"status-publish","4":"has-post-thumbnail","6":"product_cat-bijoux-femmes-boucles-doreilles","8":"first","9":"outofstock","10":"shipping-taxable","11":"purchasable","12":"product-type-simple"},"aioseo_notices":[],"_links":{"self":[{"href":"https:\/\/byviannie.com\/index.php?rest_route=\/wp\/v2\/product\/1702","targetHints":{"allow":["GET"]}}],"collection":[{"href":"https:\/\/byviannie.com\/index.php?rest_route=\/wp\/v2\/product"}],"about":[{"href":"https:\/\/byviannie.com\/index.php?rest_route=\/wp\/v2\/types\/product"}],"replies":[{"embeddable":true,"href":"https:\/\/byviannie.com\/index.php?rest_route=%2Fwp%2Fv2%2Fcomments&post=1702"}],"wp:featuredmedia":[{"embeddable":true,"href":"https:\/\/byviannie.com\/index.php?rest_route=\/wp\/v2\/media\/1707"}],"wp:attachment":[{"href":"https:\/\/byviannie.com\/index.php?rest_route=%2Fwp%2Fv2%2Fmedia&parent=1702"}],"wp:term":[{"taxonomy":"product_brand","embeddable":true,"href":"https:\/\/byviannie.com\/index.php?rest_route=%2Fwp%2Fv2%2Fproduct_brand&post=1702"},{"taxonomy":"product_cat","embeddable":true,"href":"https:\/\/byviannie.com\/index.php?rest_route=%2Fwp%2Fv2%2Fproduct_cat&post=1702"},{"taxonomy":"product_tag","embeddable":true,"href":"https:\/\/byviannie.com\/index.php?rest_route=%2Fwp%2Fv2%2Fproduct_tag&post=1702"}],"curies":[{"name":"wp","href":"https:\/\/api.w.org\/{rel}","templated":true}]}}