{"id":1579,"date":"2022-03-22T13:59:39","date_gmt":"2022-03-22T12:59:39","guid":{"rendered":"https:\/\/byviannie.com\/?post_type=product&#038;p=1579"},"modified":"2025-05-13T14:36:21","modified_gmt":"2025-05-13T12:36:21","slug":"boucles-doreilles-serowe","status":"publish","type":"product","link":"https:\/\/byviannie.com\/?product=boucles-doreilles-serowe","title":{"rendered":"Boucles d\u2019oreilles Serowe, cr\u00e9ation artisanale"},"content":{"rendered":"<p><img decoding=\"async\" class=\"emoji\" role=\"img\" draggable=\"false\" src=\"https:\/\/s.w.org\/images\/core\/emoji\/13.1.0\/svg\/25b6.svg\" alt=\"\u25b6\" \/>\u00a0Livraison: Votre bijou sign\u00e9 les perles de Viannie vous sera livr\u00e9 dans un joli pochon. Votre commande sera ensuite remise \u00e0 la Poste dans une enveloppe \u00e0 bulle et en courrier avec suivi afin d\u2019\u00e9viter toute mauvaise surprise !<\/p>\n<p><img decoding=\"async\" class=\"emoji\" role=\"img\" draggable=\"false\" src=\"https:\/\/s.w.org\/images\/core\/emoji\/13.1.0\/svg\/25b6.svg\" alt=\"\u25b6\" \/>\u00a0Conseils d\u2019entretien: Afin de profiter de votre bijou le plus longtemps possible, je vous conseille d\u2019\u00e9viter de le mettre au contact de l\u2019eau, des parfums et autres cr\u00e8mes au risque de l\u2019ab\u00eemer. N\u2019h\u00e9sitez pas \u00e0 enlever votre bijou avant de vous laver les mains, de faire du sport ainsi que pour dormir. Vous pouvez \u00e9galement le conserver dans son pochon afin d\u2019\u00e9viter tout risque d\u2019oxydation.<\/p>\n<p><img decoding=\"async\" class=\"emoji\" role=\"img\" draggable=\"false\" src=\"https:\/\/s.w.org\/images\/core\/emoji\/13.1.0\/svg\/25b6.svg\" alt=\"\u25b6\" \/>\u00a0Toutes mes cr\u00e9ations sont faites de mani\u00e8re artisanale. Il est donc possible que de tous petits d\u00e9fauts esth\u00e9tiques soient visibles. Ceci \u00e9tant dit, je fais tout mon possible pour vous pr\u00e9senter des pi\u00e8ces de qualit\u00e9. Si vous souhaitez personnaliser une cr\u00e9ation en particulier, n\u2019h\u00e9sitez pas \u00e0 me contacter.<\/p>\n","protected":false},"excerpt":{"rendered":"<p>Boucles d\u2019oreilles Serowe cr\u00e9ation artisanale:<\/p>\n<p><em><strong>Composition:<\/strong><\/em><\/p>\n<p>Une perle rouge en forme de larme en acrylique de 29mm<\/p>\n<p>Un cabochon en r\u00e9sine avec inclusion (une marguerite s\u00e9ch\u00e9e, feuille d\u2019or et perle artificielle) de 14mm environ<\/p>\n<p>Un support de boucle d\u2019oreilles de 15mm dont le poteau et le goujon sont en laiton dor\u00e9 18K, avec le poussoir en silicone<\/p>\n","protected":false},"featured_media":1584,"comment_status":"open","ping_status":"closed","template":"","meta":{"_monsterinsights_skip_tracking":false,"_monsterinsights_sitenote_active":false,"_monsterinsights_sitenote_note":"","_monsterinsights_sitenote_category":0},"product_brand":[],"product_cat":[44],"product_tag":[],"class_list":{"0":"post-1579","1":"product","2":"type-product","3":"status-publish","4":"has-post-thumbnail","6":"product_cat-bijoux-femmes-boucles-doreilles","8":"first","9":"outofstock","10":"shipping-taxable","11":"purchasable","12":"product-type-simple"},"aioseo_notices":[],"_links":{"self":[{"href":"https:\/\/byviannie.com\/index.php?rest_route=\/wp\/v2\/product\/1579","targetHints":{"allow":["GET"]}}],"collection":[{"href":"https:\/\/byviannie.com\/index.php?rest_route=\/wp\/v2\/product"}],"about":[{"href":"https:\/\/byviannie.com\/index.php?rest_route=\/wp\/v2\/types\/product"}],"replies":[{"embeddable":true,"href":"https:\/\/byviannie.com\/index.php?rest_route=%2Fwp%2Fv2%2Fcomments&post=1579"}],"wp:featuredmedia":[{"embeddable":true,"href":"https:\/\/byviannie.com\/index.php?rest_route=\/wp\/v2\/media\/1584"}],"wp:attachment":[{"href":"https:\/\/byviannie.com\/index.php?rest_route=%2Fwp%2Fv2%2Fmedia&parent=1579"}],"wp:term":[{"taxonomy":"product_brand","embeddable":true,"href":"https:\/\/byviannie.com\/index.php?rest_route=%2Fwp%2Fv2%2Fproduct_brand&post=1579"},{"taxonomy":"product_cat","embeddable":true,"href":"https:\/\/byviannie.com\/index.php?rest_route=%2Fwp%2Fv2%2Fproduct_cat&post=1579"},{"taxonomy":"product_tag","embeddable":true,"href":"https:\/\/byviannie.com\/index.php?rest_route=%2Fwp%2Fv2%2Fproduct_tag&post=1579"}],"curies":[{"name":"wp","href":"https:\/\/api.w.org\/{rel}","templated":true}]}}