{"id":1021,"date":"2021-09-17T09:47:44","date_gmt":"2021-09-17T07:47:44","guid":{"rendered":"https:\/\/byviannie.com\/?post_type=product&#038;p=1021"},"modified":"2023-02-19T09:56:16","modified_gmt":"2023-02-19T08:56:16","slug":"collier-makeba-3-rangs","status":"publish","type":"product","link":"https:\/\/byviannie.com\/?product=collier-makeba-3-rangs","title":{"rendered":"Collier Makeba 3 rangs cr\u00e9ation artisanale"},"content":{"rendered":"<p><img decoding=\"async\" class=\"emoji\" role=\"img\" draggable=\"false\" src=\"https:\/\/s.w.org\/images\/core\/emoji\/13.0.1\/svg\/25b6.svg\" alt=\"\u25b6\" \/>\u00a0Livraison: Votre bijou sign\u00e9 les perles de Viannie vous sera livr\u00e9 dans un joli pochon. Votre commande sera ensuite remise \u00e0 la Poste dans une enveloppe \u00e0 bulle et en courrier avec suivi afin d\u2019\u00e9viter toute mauvaise surprise !<\/p>\n<p><img decoding=\"async\" class=\"emoji\" role=\"img\" draggable=\"false\" src=\"https:\/\/s.w.org\/images\/core\/emoji\/13.0.1\/svg\/25b6.svg\" alt=\"\u25b6\" \/>\u00a0Conseils d\u2019entretien: Afin de profiter de votre bijou le plus longtemps possible, je vous conseille d\u2019\u00e9viter de le mettre au contact de l\u2019eau, des parfums et autres cr\u00e8mes au risque de l\u2019ab\u00eemer. N\u2019h\u00e9sitez pas \u00e0 enlever votre bijou avant de vous laver les mains, de faire du sport ainsi que pour dormir. Vous pouvez \u00e9galement le conserver dans son pochon afin d\u2019\u00e9viter tout risque d\u2019oxydation<\/p>\n<p>Toutes mes cr\u00e9ations sont faites de mani\u00e8re artisanale. Il est donc possible que de tous petits d\u00e9fauts esth\u00e9tiques soient visibles. Ceci \u00e9tant dit, je fais tout mon possible pour vous pr\u00e9senter des pi\u00e8ces de qualit\u00e9. Si vous souhaitez personnaliser une cr\u00e9ation en particulier, n\u2019h\u00e9sitez pas \u00e0 me contacter.<\/p>\n","protected":false},"excerpt":{"rendered":"<p>Collier Makeba cr\u00e9ation artisanale:<br \/>\n<em><strong>Composition:<\/strong><\/em><br \/>\nTissu imprim\u00e9 africain<\/p>\n<p>Perles d&rsquo;eau douce de diff\u00e9rentes formes et tailles<\/p>\n<p>Pierres fines (jade rouge, calc\u00e9doine jaune et bleu, quartz rose)<\/p>\n<p>Perles de rocaille<\/p>\n<p>Perles en acrylique<\/p>\n<p>Fermoir crochet<\/p>\n","protected":false},"featured_media":1022,"comment_status":"open","ping_status":"closed","template":"","meta":{"_monsterinsights_skip_tracking":false,"_monsterinsights_sitenote_active":false,"_monsterinsights_sitenote_note":"","_monsterinsights_sitenote_category":0},"product_brand":[],"product_cat":[41],"product_tag":[],"class_list":{"0":"post-1021","1":"product","2":"type-product","3":"status-publish","4":"has-post-thumbnail","6":"product_cat-bijoux-femme-colliers","8":"first","9":"outofstock","10":"shipping-taxable","11":"purchasable","12":"product-type-simple"},"aioseo_notices":[],"_links":{"self":[{"href":"https:\/\/byviannie.com\/index.php?rest_route=\/wp\/v2\/product\/1021","targetHints":{"allow":["GET"]}}],"collection":[{"href":"https:\/\/byviannie.com\/index.php?rest_route=\/wp\/v2\/product"}],"about":[{"href":"https:\/\/byviannie.com\/index.php?rest_route=\/wp\/v2\/types\/product"}],"replies":[{"embeddable":true,"href":"https:\/\/byviannie.com\/index.php?rest_route=%2Fwp%2Fv2%2Fcomments&post=1021"}],"wp:featuredmedia":[{"embeddable":true,"href":"https:\/\/byviannie.com\/index.php?rest_route=\/wp\/v2\/media\/1022"}],"wp:attachment":[{"href":"https:\/\/byviannie.com\/index.php?rest_route=%2Fwp%2Fv2%2Fmedia&parent=1021"}],"wp:term":[{"taxonomy":"product_brand","embeddable":true,"href":"https:\/\/byviannie.com\/index.php?rest_route=%2Fwp%2Fv2%2Fproduct_brand&post=1021"},{"taxonomy":"product_cat","embeddable":true,"href":"https:\/\/byviannie.com\/index.php?rest_route=%2Fwp%2Fv2%2Fproduct_cat&post=1021"},{"taxonomy":"product_tag","embeddable":true,"href":"https:\/\/byviannie.com\/index.php?rest_route=%2Fwp%2Fv2%2Fproduct_tag&post=1021"}],"curies":[{"name":"wp","href":"https:\/\/api.w.org\/{rel}","templated":true}]}}