{"id":126,"date":"2021-02-06T09:40:25","date_gmt":"2021-02-06T08:40:25","guid":{"rendered":"https:\/\/preview.les-perles-de-viannie.com\/?page_id=126"},"modified":"2023-02-25T18:22:40","modified_gmt":"2023-02-25T17:22:40","slug":"cgv","status":"publish","type":"page","link":"https:\/\/byviannie.com\/?page_id=126","title":{"rendered":"CGV"},"content":{"rendered":"\n<h3 class=\"wp-block-heading\"><\/h3>\n\n\n\n<p><strong>Produits<\/strong><\/p>\n\n\n\n<p>Les produits visibles sur le site de vente en ligne et l\u2019\u00e9tat des stocks du produit affich\u00e9 en temps r\u00e9el sur le site figurent \u00e0 titre  indicatif et ne constituent en aucun cas des offres de la part de<strong> <\/strong>byViannie.<\/p>\n\n\n\n<p>byViannie\u2013 Viannie C. s\u2019engage \u00e0 faire les efforts n\u00e9cessaires pour que la repr\u00e9sentation photographique des articles et services propos\u00e9s \u00e0 la vente  soit la plus fid\u00e8le possible. Toutefois, selon le type d&rsquo;appareil utilis\u00e9, il est possible que la perception  photographique des produits par le client ne corresponde pas exactement aux produits eux-m\u00eames.<\/p>\n\n\n\n<p><strong>Processus de vente<\/strong><\/p>\n\n\n\n<p><strong>Prix<\/strong><br>Les prix mentionn\u00e9s par article sur le site de vente en ligne sont indiqu\u00e9s toute taxe comprise et hors frais d\u2019acheminement logistique. Les frais d\u2019exp\u00e9dition de la commande seront indiqu\u00e9s avant la validation d\u00e9finitive de la commande.<br>byViannie \u2013 Viannie C se r\u00e9serve le droit de modifier sans pr\u00e9avis et \u00e0 tout instant les prix et autres frais affich\u00e9s sur le site de vente en ligne. Toutefois, les produits seront factur\u00e9s au client sur la base des tarifs en vigueur au moment de la validation de la commande.<\/p>\n\n\n\n<p><strong>Commandes<\/strong><br>Une fois l&rsquo;article  s\u00e9lectionn\u00e9, il est plac\u00e9 dans le \u00ab panier \u00bb par le bouton \u00ab Ajouter au panier \u00bb. Le client peut alors continuer avec sa s\u00e9lection, modifier son panier d\u2019achat ou poursuivre le processus de sa commande et payer.<br>La validation de la commande par le client tient lieu d\u2019acceptation des conditions g\u00e9n\u00e9rales de vente.<br>Une fois la commande valid\u00e9e, le client re\u00e7oit une information de confirmation de commande par courriel.<\/p>\n\n\n\n<p><strong>Paiements s\u00e9curis\u00e9s<\/strong><br>Pour le paiement de la commande, sont accept\u00e9s:<\/p>\n\n\n\n<ul class=\"wp-block-list\">\n<li>CB (via paypal donc des frais de change \u00e0 pr\u00e9voir)<\/li>\n\n\n\n<li>paypal (compte en euro frais de change \u00e0 pr\u00e9voir)<\/li>\n\n\n\n<li>virement<\/li>\n\n\n\n<li>twint (nous contacter)<\/li>\n<\/ul>\n\n\n\n<p>Le paiement des articles s\u2019effectue sur les serveurs bancaires s\u00e9curis\u00e9s des partenaires de <strong>byViannie<\/strong> tels que mentionn\u00e9s ci-dessus. Ceci implique qu\u2019aucune information bancaire ou postale concernant le client ne transite via le site de byViannie. Le paiement par carte est donc parfaitement s\u00e9curis\u00e9.<br>La commande est enregistr\u00e9e et valid\u00e9e d\u00e8s l\u2019acceptation du paiement par le syst\u00e8me de paiement choisi par le client. Sa commande sera valid\u00e9e et sa carte d\u00e9bit\u00e9e au moment de l\u2019enregistrement de la commande de mani\u00e8re automatique.<\/p>\n\n\n\n<p>Les coordonn\u00e9es bancaires ne transitent pas par byViannie.<\/p>\n\n\n\n<p>La commande sera consid\u00e9r\u00e9e comme effective apr\u00e8s confirmation de l\u2019accord des centres de paiement bancaire.<\/p>\n\n\n\n<p><strong>Livraison<\/strong><\/p>\n\n\n\n<p><strong>Articles livr\u00e9s en Suisse.<\/strong><br>Les frais de port sont offerts.<\/p>\n\n\n\n<p>byViannie assure l\u2019exp\u00e9dition des marchandises part le biais de la poste suisse, \u00e0 l&rsquo;adresse de livraison que le client aura indiqu\u00e9e au cours du processus de commande.<\/p>\n\n\n\n<p><strong>Articles livr\u00e9s en Europe<\/strong><br>Les frais de port sont calcul\u00e9s \u00e0 l\u2019issue de la commande, selon le mode de livraison choisi et les tarifs du transporteur en charge de l\u2019acheminement. Ils sont \u00e0 la charge du client si ce dernier a opt\u00e9 pour la livraison par poste. Tous les envois se font en recommand\u00e9 avec suivi.<\/p>\n\n\n\n<p>Tarif pour envoi de petit colis (format lettre A5-B5) moins de 100grs est de 13 francs en recommand\u00e9 :<a data-type=\"URL\" data-id=\"https:\/\/www.post.ch\/fr\/expedier-des-lettres\/lettres-international\" href=\"https:\/\/www.post.ch\/fr\/expedier-des-lettres\/lettres-international\">https:\/\/www.post.ch\/fr\/expedier-des-lettres\/lettres-international<\/a><\/p>\n\n\n\n<p>Tarif pour envoi de colis jusqu&rsquo;\u00e0 2kg est de 38 francs en recommand\u00e9 :<a href=\"https:\/\/www.post.ch\/fr\/expedier-des-colis\/colis-international\" data-type=\"URL\" data-id=\"https:\/\/www.post.ch\/fr\/expedier-des-colis\/colis-international\">https:\/\/www.post.ch\/fr\/expedier-des-colis\/colis-international<\/a><\/p>\n\n\n\n<p><\/p>\n\n\n\n<p>A compter de la date de la  commande et de la confirmation du paiement, les d\u00e9lais de livraison, donn\u00e9s \u00e0 titre indicatif, sont les suivants :<\/p>\n\n\n\n<ul class=\"wp-block-list\">\n<li>2-3 jours pour la Suisse et 7 \u00e0 21 jours ouvrables pour le reste du monde.<\/li>\n<\/ul>\n\n\n\n<p>En cas de rupture de stock momentan\u00e9e byViannie s\u2019engage \u00e0 livrer l\u2019article manquant au plus vite ou proposer une solution de remplacement.<\/p>\n\n\n\n<p><strong>Garantie sur la livraison<\/strong><\/p>\n\n\n\n<p>Avant d\u2019\u00eatre livr\u00e9e, la marchandise est toujours contr\u00f4l\u00e9e et emball\u00e9e manuellement. Si vous deviez constater des dommages dus au transport, nous vous prions d\u2019en informer tout de suite votre bureau de poste et de demander l\u2019\u00e9tablissement d\u2019un proc\u00e8s-verbal dans un d\u00e9lai de trois jours \u00e0 compter de la livraison. Vous devez \u00e9galement nous signaler, conform\u00e9ment \u00e0 la loi, tout d\u00e9faut ou anomalie.<\/p>\n\n\n\n<p><strong>Douane<\/strong><\/p>\n\n\n\n<p>Les frais de douane et de taxes (TVA) du pays concern\u00e9 sont \u00e0 la charge de l\u2019acheteur final . Ces taxes douani\u00e8res sont ind\u00e9pendantes de notre volont\u00e9.<br><\/p>\n\n\n\n<p><\/p>\n\n\n\n<h3 class=\"wp-block-heading\"><\/h3>\n\n\n\n<p><\/p>\n","protected":false},"excerpt":{"rendered":"<p>Produits Les produits visibles sur le site de vente en ligne et l\u2019\u00e9tat des stocks du produit affich\u00e9 en temps r\u00e9el sur le site figurent \u00e0 titre indicatif et ne constituent en aucun cas des offres de la part de byViannie. byViannie\u2013 Viannie C. s\u2019engage \u00e0 faire les efforts n\u00e9cessaires pour que la repr\u00e9sentation photographique &hellip; <\/p>\n","protected":false},"author":1,"featured_media":0,"parent":0,"menu_order":0,"comment_status":"closed","ping_status":"closed","template":"","meta":{"_monsterinsights_skip_tracking":false,"_monsterinsights_sitenote_active":false,"_monsterinsights_sitenote_note":"","_monsterinsights_sitenote_category":0,"footnotes":""},"class_list":["post-126","page","type-page","status-publish","hentry"],"aioseo_notices":[],"_links":{"self":[{"href":"https:\/\/byviannie.com\/index.php?rest_route=\/wp\/v2\/pages\/126","targetHints":{"allow":["GET"]}}],"collection":[{"href":"https:\/\/byviannie.com\/index.php?rest_route=\/wp\/v2\/pages"}],"about":[{"href":"https:\/\/byviannie.com\/index.php?rest_route=\/wp\/v2\/types\/page"}],"author":[{"embeddable":true,"href":"https:\/\/byviannie.com\/index.php?rest_route=\/wp\/v2\/users\/1"}],"replies":[{"embeddable":true,"href":"https:\/\/byviannie.com\/index.php?rest_route=%2Fwp%2Fv2%2Fcomments&post=126"}],"version-history":[{"count":1,"href":"https:\/\/byviannie.com\/index.php?rest_route=\/wp\/v2\/pages\/126\/revisions"}],"predecessor-version":[{"id":2857,"href":"https:\/\/byviannie.com\/index.php?rest_route=\/wp\/v2\/pages\/126\/revisions\/2857"}],"wp:attachment":[{"href":"https:\/\/byviannie.com\/index.php?rest_route=%2Fwp%2Fv2%2Fmedia&parent=126"}],"curies":[{"name":"wp","href":"https:\/\/api.w.org\/{rel}","templated":true}]}}