{"id":124,"date":"2021-02-04T21:15:50","date_gmt":"2021-02-04T20:15:50","guid":{"rendered":"https:\/\/preview.les-perles-de-viannie.com\/?page_id=124"},"modified":"2023-02-25T18:50:30","modified_gmt":"2023-02-25T17:50:30","slug":"livraisons-et-retours","status":"publish","type":"page","link":"https:\/\/byviannie.com\/?page_id=124","title":{"rendered":"Livraisons et retours"},"content":{"rendered":"\n<p><strong>Retours, r\u00e9tractation et remboursement<\/strong><\/p>\n\n\n\n<p>Il est possible de retourner un article en me contactant dans les 7 jours suivant la r\u00e9ception de la commande et de l\u2019envoyer dans les 14 jours suivant la r\u00e9ception de la commande.<\/p>\n\n\n\n<p>Par mesure d\u2019hygi\u00e8ne, les boucles d\u2019oreilles\/piercings qui ont \u00e9t\u00e9 essay\u00e9s\/port\u00e9s ne seront pas repris.<\/p>\n\n\n\n<p>Les articles doivent \u00eatre dans leur emballage d\u2019origine, aucun retour ne sera accept\u00e9 si les bijoux sont retourn\u00e9s ab\u00eem\u00e9s, d\u00e9form\u00e9s, port\u00e9s.<\/p>\n\n\n\n<p>Le retour est \u00e0 la charge de l\u2019acheteur.<br>Le vendeur d\u00e9cline toute responsabilit\u00e9 concernant le transport des commandes\/retours.<\/p>\n\n\n\n<p>La proc\u00e9dure \u00e0 suivre est la suivante :<br>\u2013 Le client envoie un e-mail pour faire une demande de retour<br>\u2013 Le client renvoie sa marchandise \u00e0 ses frais \u00e0 l\u2019adresse suivante :<\/p>\n\n\n\n<p>Viannie C &#8211; La c\u00f4te de Pallens 11 &#8211; 1820 Montreux<br>Si la marchandise r\u00e9pond aux exigences de retour, elle pourra faire l\u2019objet d\u2019un remboursement ou un \u00e9change.<br>Si la marchandise ne r\u00e9pond pas aux exigences de retour, elle sera r\u00e9exp\u00e9di\u00e9e chez le client qui ne pourra pas obtenir un remboursement.<\/p>\n\n\n\n<p><strong>Service apr\u00e8s-vente<\/strong><\/p>\n\n\n\n<p>Tous mes articles sont garantis 3 mois pour les \u00e9ventuels probl\u00e8mes li\u00e9s aux fils ou aux ouvertures\/fermetures des bijoux. Ces garanties sont applicables dans le cadre d\u2019une utilisation normale, \u00e0 partir de leur date d\u2019achat et ne sont pas applicables pour la casse des pierres ou autre \u00e9l\u00e9ments pr\u00e9cieux qui constituent les bijoux.<\/p>\n\n\n\n<p>En cas de retour provenant de l\u2019\u00e9tranger, les frais de retour sont \u00e0 la charge du client.<\/p>\n","protected":false},"excerpt":{"rendered":"<p>Retours, r\u00e9tractation et remboursement Il est possible de retourner un article en me contactant dans les 7 jours suivant la r\u00e9ception de la commande et de l\u2019envoyer dans les 14 jours suivant la r\u00e9ception de la commande. Par mesure d\u2019hygi\u00e8ne, les boucles d\u2019oreilles\/piercings qui ont \u00e9t\u00e9 essay\u00e9s\/port\u00e9s ne seront pas repris. Les articles doivent \u00eatre &hellip; <\/p>\n","protected":false},"author":1,"featured_media":0,"parent":0,"menu_order":0,"comment_status":"closed","ping_status":"closed","template":"","meta":{"_monsterinsights_skip_tracking":false,"_monsterinsights_sitenote_active":false,"_monsterinsights_sitenote_note":"","_monsterinsights_sitenote_category":0,"footnotes":""},"class_list":["post-124","page","type-page","status-publish","hentry"],"aioseo_notices":[],"_links":{"self":[{"href":"https:\/\/byviannie.com\/index.php?rest_route=\/wp\/v2\/pages\/124","targetHints":{"allow":["GET"]}}],"collection":[{"href":"https:\/\/byviannie.com\/index.php?rest_route=\/wp\/v2\/pages"}],"about":[{"href":"https:\/\/byviannie.com\/index.php?rest_route=\/wp\/v2\/types\/page"}],"author":[{"embeddable":true,"href":"https:\/\/byviannie.com\/index.php?rest_route=\/wp\/v2\/users\/1"}],"replies":[{"embeddable":true,"href":"https:\/\/byviannie.com\/index.php?rest_route=%2Fwp%2Fv2%2Fcomments&post=124"}],"version-history":[{"count":1,"href":"https:\/\/byviannie.com\/index.php?rest_route=\/wp\/v2\/pages\/124\/revisions"}],"predecessor-version":[{"id":2859,"href":"https:\/\/byviannie.com\/index.php?rest_route=\/wp\/v2\/pages\/124\/revisions\/2859"}],"wp:attachment":[{"href":"https:\/\/byviannie.com\/index.php?rest_route=%2Fwp%2Fv2%2Fmedia&parent=124"}],"curies":[{"name":"wp","href":"https:\/\/api.w.org\/{rel}","templated":true}]}}