{"id":121,"date":"2021-02-04T21:12:36","date_gmt":"2021-02-04T20:12:36","guid":{"rendered":"https:\/\/preview.les-perles-de-viannie.com\/?page_id=121"},"modified":"2021-06-09T17:19:21","modified_gmt":"2021-06-09T15:19:21","slug":"faq","status":"publish","type":"page","link":"https:\/\/byviannie.com\/?page_id=121","title":{"rendered":"FAQ"},"content":{"rendered":"\n<p><strong>Vos pierres sont-elles de pierres v\u00e9ritables?<\/strong><\/p>\n\n\n\n<p>Toutes les pierres naturelles avec lesquelles je cr\u00e9\u00e9 des pi\u00e8ces proviennent de Jaipur (Inde), et les fournitures n\u00e9cessaires \u00e0 la cr\u00e9ation\u00a0des bijoux sont issues de\u00a0fournisseurs Fran\u00e7ais, Turcs, Grecs et Tha\u00eflandais.<\/p>\n\n\n\n<p>Toutes les compositions et finitions\u00a0(laiton, acier, plaqu\u00e9 or 1-3 microns, dor\u00e9 \u00e0 l&rsquo;or fin 24 carats, plaqu\u00e9 argent 925&#8230;)\u00a0sont \u00e9galement mentionn\u00e9es et indiqu\u00e9es sur les articles lorsque cela est n\u00e9cessaire.<\/p>\n\n\n\n<p>Tous les bijoux sont, bien s\u00fbr, r\u00e9alis\u00e9s\u00a0par mes soins en toute petite s\u00e9rie.<\/p>\n\n\n\n<p><strong>Quand sera livr\u00e9e ma commande?<\/strong><\/p>\n\n\n\n<p>Je pr\u00e9pare et exp\u00e9die les commandes au maximum \u00e0 J+2 (hors week-end, jours f\u00e9ri\u00e9s et p\u00e9riodes promotionnelles).  <\/p>\n\n\n\n<p><\/p>\n\n\n\n<p><strong>Un article que je veux est en rupture de stock<\/strong><\/p>\n\n\n\n<p>Cela peut arriver lorsqu&rsquo;un produit rencontre beaucoup de succ\u00e8s et est \u00e9puis\u00e9 trop rapidement. Si l&rsquo;achat de l&rsquo;article en question est urgent, le plus simple est de nous contacter par email avec la r\u00e9f\u00e9rence produit.<\/p>\n\n\n\n<p><strong>Comment mesurer son tour de doigt?<\/strong><\/p>\n\n\n\n<p>Afin d&rsquo;\u00e9viter tout probl\u00e8me li\u00e9 \u00e0 une mauvaise taille de bague. Il est important de connaitre avec pr\u00e9cision sa taille de bague. Une bague \u00e9troite, vous serrant trop le doigt risque de vous blesser. Pour le cas d&rsquo;une bague trop grande, dans ce cas vous risquez de perdre votre bijou sans vous en apercevoir.<\/p>\n\n\n\n<p>Pour plus de d\u00e9tails : <a href=\"https:\/\/byviannie.com\/?p=452\">https:\/\/byviannie.com\/?p=452<\/a><\/p>\n\n\n\n<p><strong>Comment mesurer sa taille de bracelet?<\/strong><\/p>\n\n\n\n<p>Pour \u00e9viter toute erreur lors de l\u2019achat d\u2019un bracelet \u00e0 fermoir ou d\u2019un bracelet de type jonc, voici quelques astuces pour \u00eatre s\u00fbr de faire le bon choix.<\/p>\n\n\n\n<p>Pour plus de d\u00e9tails: <a href=\"https:\/\/byviannie.com\/?p=448\">https:\/\/byviannie.com\/?p=448<\/a><\/p>\n\n\n\n<p><\/p>\n\n\n\n<p><strong>Pourquoi les prix varient d&rsquo;un article \u00e0 un autre?<\/strong><\/p>\n\n\n\n<p>Pour cr\u00e9er mes bijoux, j\u2019utilise diff\u00e9rents placages qui font varier le prix du bijou, afin de satisfaire tous les portefeuilles, ainsi, te permettre de faire un ou plusieurs achats.<\/p>\n\n\n\n<p><\/p>\n\n\n\n<p><strong>Quelle est la diff\u00e9rence entre l\u2019or massif (solid gold), l\u2019or rempli (gold filled), le plaqu\u00e9 or et l\u2019or vermeil<\/strong>?<\/p>\n\n\n\n<p>Pour plus de d\u00e9tails: <a href=\"https:\/\/byviannie.com\/?p=481\">https:\/\/byviannie.com\/?p=481<\/a> <\/p>\n\n\n\n<p><\/p>\n\n\n\n<p><strong>Tarifs pour envois des colis internationaux<\/strong><\/p>\n\n\n\n<p>pour plus de d\u00e9tails: <a href=\"https:\/\/www.post.ch\/fr\/expedier-des-colis\/colis-international\" data-type=\"URL\" data-id=\"https:\/\/www.post.ch\/fr\/expedier-des-colis\/colis-international\">https:\/\/www.post.ch\/fr\/expedier-des-colis\/colis-international<\/a><\/p>\n","protected":false},"excerpt":{"rendered":"<p>Vos pierres sont-elles de pierres v\u00e9ritables? Toutes les pierres naturelles avec lesquelles je cr\u00e9\u00e9 des pi\u00e8ces proviennent de Jaipur (Inde), et les fournitures n\u00e9cessaires \u00e0 la cr\u00e9ation\u00a0des bijoux sont issues de\u00a0fournisseurs Fran\u00e7ais, Turcs, Grecs et Tha\u00eflandais. Toutes les compositions et finitions\u00a0(laiton, acier, plaqu\u00e9 or 1-3 microns, dor\u00e9 \u00e0 l&rsquo;or fin 24 carats, plaqu\u00e9 argent 925&#8230;)\u00a0sont &hellip; <\/p>\n","protected":false},"author":1,"featured_media":0,"parent":0,"menu_order":0,"comment_status":"closed","ping_status":"closed","template":"","meta":{"_monsterinsights_skip_tracking":false,"_monsterinsights_sitenote_active":false,"_monsterinsights_sitenote_note":"","_monsterinsights_sitenote_category":0,"footnotes":""},"class_list":["post-121","page","type-page","status-publish","hentry"],"aioseo_notices":[],"_links":{"self":[{"href":"https:\/\/byviannie.com\/index.php?rest_route=\/wp\/v2\/pages\/121","targetHints":{"allow":["GET"]}}],"collection":[{"href":"https:\/\/byviannie.com\/index.php?rest_route=\/wp\/v2\/pages"}],"about":[{"href":"https:\/\/byviannie.com\/index.php?rest_route=\/wp\/v2\/types\/page"}],"author":[{"embeddable":true,"href":"https:\/\/byviannie.com\/index.php?rest_route=\/wp\/v2\/users\/1"}],"replies":[{"embeddable":true,"href":"https:\/\/byviannie.com\/index.php?rest_route=%2Fwp%2Fv2%2Fcomments&post=121"}],"version-history":[{"count":0,"href":"https:\/\/byviannie.com\/index.php?rest_route=\/wp\/v2\/pages\/121\/revisions"}],"wp:attachment":[{"href":"https:\/\/byviannie.com\/index.php?rest_route=%2Fwp%2Fv2%2Fmedia&parent=121"}],"curies":[{"name":"wp","href":"https:\/\/api.w.org\/{rel}","templated":true}]}}