{"id":109,"date":"2021-02-04T12:49:34","date_gmt":"2021-02-04T11:49:34","guid":{"rendered":"https:\/\/preview.les-perles-de-viannie.com\/?page_id=109"},"modified":"2022-03-12T12:52:45","modified_gmt":"2022-03-12T11:52:45","slug":"conseils-entretien","status":"publish","type":"page","link":"https:\/\/byviannie.com\/?page_id=109","title":{"rendered":"Guide d&rsquo;Entretien"},"content":{"rendered":"\n<p>Premi\u00e8re r\u00e8gle d&rsquo;or, toujours nettoyer votre bijou avant toute premi\u00e8re utilisation<\/p>\n\n\n\n<p>\u200bOn pense souvent \u00eatre allergique aux boucles d\u2019oreilles fantaisies, il peut s\u2019agir parfois juste d\u2019une r\u00e9action aux poussi\u00e8res ou autres d\u00e9p\u00f4ts pouvant survenir lors de la manipulation \u00e0 la fabrication et\/ou lors du stockage. Il est donc conseill\u00e9 de les nettoyer avant de les porter. Pour cela, vous pouvez utiliser un peu d\u2019alcool ou solution hydroalcoolique sur un chiffon doux, afin de nettoyer\u00a0les parties en contact direct avec l\u2019oreille.<\/p>\n\n\n\n<p>\u200b\u200bDe mani\u00e8re g\u00e9n\u00e9rale, pour entretenir vos bijoux rien de plus simple, il suffit de passer un coup de chiffon doux de temps \u00e0 autre apr\u00e8s les avoir retir\u00e9s et de les stocker dans un endroit sec \u00e0 l\u2019abri de la lumi\u00e8re (\u00e9vitez les lieux avec un fort taux d\u2019humidit\u00e9 comme les salles de bains). Je vous conseillons \u00e9galement de ne pas les mettre en vrac avec d\u2019autres bijoux mais de les ranger dans une petite pochette ou les suspendre \u00e0 un portant qui leur sont d\u00e9di\u00e9s.<\/p>\n\n\n\n<p>\u200bGardez \u00e0 l\u2019esprit que m\u00eame avec de l\u2019acier inoxydable ou du v\u00e9ritable plaqu\u00e9 or, les bijoux fantaisie ont une dur\u00e9e de vie plus courte que des bijoux en argent ou or massifs. Cependant,&nbsp;avec un bon entretien, ils dureront passablement longtemps, garderons un bel \u00e9clat et donneront un style incontestable \u00e0 vos tenues.<\/p>\n\n\n\n<p><strong>Entretien des pierres<\/strong><\/p>\n\n\n\n<p>Lorsque l&rsquo;on parle d&rsquo;entretenir ses bijoux, on oublie parfois que les pierres ne sont pas toutes aussi dures les unes que les autres <a href=\"https:\/\/fr.wikipedia.org\/wiki\/%C3%89chelle_de_Mohs\">\u00c9chelle de Mohs<\/a>  . Quoi qu\u2019il en soit, toutes les pierres peuvent se briser ou \u00eatre \u00e9gratign\u00e9es, m\u00eame les plus dures d\u2019entre elles.<\/p>\n\n\n\n<p>Conseils pour prot\u00e9ger vos pierres:<\/p>\n\n\n\n<ul class=\"wp-block-list\"><li>Evitez de porter vos bijoux lorsque vous d\u00e9placez des objets lourds ou si vous pratiquez un sport.<\/li><li>Otez vos bijoux pour dormir. En effet, on peut parfois avoir dans le sommeil des mouvements brusques sans s\u2019en rendre compte \u2013 se cogner, taper un mur \u2013 et il serait vraiment dommage d\u2019ab\u00eemer votre bijou de cette fa\u00e7on.<\/li><\/ul>\n\n\n\n<h5 class=\"wp-block-heading\"> <strong>Entretien de l&rsquo;argent (925)<\/strong><\/h5>\n\n\n\n<p>L\u2019argent est un m\u00e9tal qui se ternit avec le temps : c\u2019est in\u00e9vitable en particulier avec l\u2019argent utilis\u00e9 en joaillerie (925 ou 950 milli\u00e8mes). Il est impossible de pr\u00e9voir le temps qu\u2019un bijou en argent mettra \u00e0 se ternir car cela d\u00e9pend de nombreux \u00e9l\u00e9ments, dont l\u2019acidit\u00e9 de la peau de la personne qui le porte.<\/p>\n\n\n\n<p>Quelques gestes d\u2019entretien pour vos bijoux en argent:<\/p>\n\n\n\n<ul class=\"wp-block-list\"><li>En premier lieu, un bijou en argent est extr\u00eamement sensible \u00e0 l\u2019humidit\u00e9. Evitez donc absolument de vous doucher avec votre bijou et pensez \u00e0 l\u2019enlever syst\u00e9matiquement lorsque vous vous lavez les mains. Si votre bijou en argent se retrouve mouill\u00e9 par m\u00e9garde, s\u00e9chez-le soigneusement.<\/li><li>Nettoyez-le r\u00e9guli\u00e8rement gr\u00e2ce \u00e0 une chiffonnette microfibre et n\u2019h\u00e9sitez pas \u00e0 utiliser de temps en temps un produit adapt\u00e9 au nettoyage de l\u2019argent, comme vous le feriez pour entretenir votre service d\u2019argenterie.<\/li><\/ul>\n\n\n\n<h5 class=\"wp-block-heading\">Entretien des bijoux en perle<\/h5>\n\n\n\n<p>Un collier (ou autre type de bijou) de perles doit \u00eatre r\u00e9guli\u00e8rement essuy\u00e9 \u00e0 l&rsquo;aide d&rsquo;un chiffon doux et humide.<\/p>\n\n\n\n<p>Pensez \u00e0 nettoyer minutieusement chaque perle, y compris dans les endroits moins accessibles.<\/p>\n\n\n\n<p>Laissez ensuite le bijou \u00e0 l&rsquo;air libre pour qu&rsquo;il s\u00e8che, ne pas frotter (pour \u00e9viter les \u00e9ventuelles \u00e9raflures).<\/p>\n\n\n\n<h5 class=\"wp-block-heading\">Perles et huile d&rsquo;olive<\/h5>\n\n\n\n<p>Tous les deux ans, proc\u00e9der \u00e0 un nettoyage des&nbsp;<strong>perles<\/strong>&nbsp;en profondeur.<\/p>\n\n\n\n<p>Prenez un tissu doux et ajoutez y quelques gouttes d&rsquo;huiles d&rsquo;olive.<\/p>\n\n\n\n<p>Essuyez vos&nbsp;<strong>perles de culture<\/strong>&nbsp;avec et vous verrez leur lustre rejaillir<\/p>\n\n\n\n<h5 class=\"wp-block-heading\"><strong>R\u00e9paration<\/strong><\/h5>\n\n\n\n<p>Chez <strong>L<\/strong>es <strong>P<\/strong>erles de <strong>V<\/strong>iannie, je suis fi\u00e8re de mon savoir-faire et je souhaite que vous puissiez porter votre bijou avec joie le plus longtemps possible. Je suis ravie de faire le maximum pour r\u00e9parer votre bijou s\u2019il devait lui arriver malheur \u2013 m\u00eame si cela reste \u00e0 votre charge d\u00e8s lors qu\u2019il ne s\u2019agit pas d\u2019un d\u00e9faut de fabrication. Attention toutefois : Je ne suis pas une magicienne, et tout incident n\u2019est pas forc\u00e9ment r\u00e9parable ! Je vous invite donc \u00e0 prendre le plus grand soin de vos bijoux car je serais d\u00e9sol\u00e9e de ne pas pouvoir vous proposer de solution si les contraintes techniques ne le permettent pas.<\/p>\n\n\n\n<p><\/p>\n","protected":false},"excerpt":{"rendered":"<p>Premi\u00e8re r\u00e8gle d&rsquo;or, toujours nettoyer votre bijou avant toute premi\u00e8re utilisation \u200bOn pense souvent \u00eatre allergique aux boucles d\u2019oreilles fantaisies, il peut s\u2019agir parfois juste d\u2019une r\u00e9action aux poussi\u00e8res ou autres d\u00e9p\u00f4ts pouvant survenir lors de la manipulation \u00e0 la fabrication et\/ou lors du stockage. Il est donc conseill\u00e9 de les nettoyer avant de les &hellip; <\/p>\n","protected":false},"author":2,"featured_media":0,"parent":0,"menu_order":0,"comment_status":"closed","ping_status":"closed","template":"","meta":{"_monsterinsights_skip_tracking":false,"_monsterinsights_sitenote_active":false,"_monsterinsights_sitenote_note":"","_monsterinsights_sitenote_category":0,"footnotes":""},"class_list":["post-109","page","type-page","status-publish","hentry"],"aioseo_notices":[],"_links":{"self":[{"href":"https:\/\/byviannie.com\/index.php?rest_route=\/wp\/v2\/pages\/109","targetHints":{"allow":["GET"]}}],"collection":[{"href":"https:\/\/byviannie.com\/index.php?rest_route=\/wp\/v2\/pages"}],"about":[{"href":"https:\/\/byviannie.com\/index.php?rest_route=\/wp\/v2\/types\/page"}],"author":[{"embeddable":true,"href":"https:\/\/byviannie.com\/index.php?rest_route=\/wp\/v2\/users\/2"}],"replies":[{"embeddable":true,"href":"https:\/\/byviannie.com\/index.php?rest_route=%2Fwp%2Fv2%2Fcomments&post=109"}],"version-history":[{"count":0,"href":"https:\/\/byviannie.com\/index.php?rest_route=\/wp\/v2\/pages\/109\/revisions"}],"wp:attachment":[{"href":"https:\/\/byviannie.com\/index.php?rest_route=%2Fwp%2Fv2%2Fmedia&parent=109"}],"curies":[{"name":"wp","href":"https:\/\/api.w.org\/{rel}","templated":true}]}}